{"id":2049,"date":"2017-05-28T12:37:21","date_gmt":"2017-05-28T09:37:21","guid":{"rendered":"http:\/\/www.casemobilealba.ro\/acasa\/?page_id=2049"},"modified":"2021-01-05T12:57:34","modified_gmt":"2021-01-05T10:57:34","slug":"transport","status":"publish","type":"page","link":"https:\/\/www.casemobilealba.ro\/acasa\/transport\/","title":{"rendered":"TRANSPORT"},"content":{"rendered":"<div id=\"pl-2049\"  class=\"panel-layout\" ><div id=\"pg-2049-0\"  class=\"panel-grid panel-has-style\" ><div class=\"panel-row-style panel-row-style-for-2049-0\" ><div id=\"pgc-2049-0-0\"  class=\"panel-grid-cell\" ><div id=\"panel-2049-0-0-0\" class=\"so-panel widget panel-first-child panel-last-child\" data-index=\"0\" ><\/div><\/div><\/div><\/div><div id=\"pg-2049-1\"  class=\"panel-grid panel-has-style\" ><div class=\"panel-row-style panel-row-style-for-2049-1\" ><div id=\"pgc-2049-1-0\"  class=\"panel-grid-cell\" ><div id=\"panel-2049-1-0-0\" class=\"so-panel widget widget_sow-editor panel-first-child panel-last-child\" data-index=\"1\" ><div class=\"panel-widget-style panel-widget-style-for-2049-1-0-0\" ><div\n\t\t\t\n\t\t\tclass=\"so-widget-sow-editor so-widget-sow-editor-base\"\n\t\t\t\n\t\t>\n<div class=\"siteorigin-widget-tinymce textwidget\">\n\t<p><img loading=\"lazy\" decoding=\"async\" class=\"size-medium wp-image-2080 aligncenter\" src=\"http:\/\/www.casemobilealba.ro\/wp-content\/uploads\/logo-hutter-land-alba-iulia1-1.png\" alt=\"\" width=\"160\" height=\"168\" \/><\/p>\n<h4 style=\"text-align: center;\"><strong>HUTTER LAND - TRANSPORT CASE MOBILE - ORIUNDE \u00ceN ROM\u00c2NIA SAU EUROPA<\/strong><\/h4>\n<p style=\"text-align: center;\"><span style=\"color: #000000;\">Dac\u0103 ave\u021bi nevoie s\u0103\u00a0transporta\u021bi case mobile sau cl\u0103diri modulare, <strong>INFO HUTTER<\/strong>\u00a0este firma la care pute\u021bi apela.<\/span><\/p>\n<p style=\"text-align: center;\">Accesa\u021bi siteul nostru <a href=\"http:\/\/www.transportcaravan.co.uk\/ro\/acasa\/\">www.transporcaravan.co.uk\/ro<\/a><\/p>\n<figure id=\"attachment_2841\" class=\"thumbnail wp-caption aligncenter\" style=\"width: 300px\"><a href=\"http:\/\/www.transportcaravan.co.uk\/ro\/acasa\/\"><img loading=\"lazy\" decoding=\"async\" class=\"wp-image-2841 size-medium\" src=\"http:\/\/www.casemobilealba.ro\/wp-content\/uploads\/sigla-TSC-transport-static-caravans-2-300x189.png\" alt=\"transport caravan\" width=\"300\" height=\"189\" srcset=\"https:\/\/www.casemobilealba.ro\/wp-content\/uploads\/sigla-TSC-transport-static-caravans-2-300x189.png 300w, https:\/\/www.casemobilealba.ro\/wp-content\/uploads\/sigla-TSC-transport-static-caravans-2.png 590w\" sizes=\"auto, (max-width: 300px) 100vw, 300px\" \/><\/a><figcaption class=\"caption wp-caption-text\">transport caravan<\/figcaption><\/figure>\n<ul>\n<li><span style=\"color: #000000;\">Oferim asigurare de marf\u0103 \u0219i asigurare de r\u0103spundere.<\/span><br \/>\n<span style=\"color: #000000;\">Oferim clien\u021bilor no\u0219tri peste 20 de ani de servicii specializate.<\/span><\/p>\n<hr \/>\n<\/li>\n<li><span style=\"color: #000000;\">Transportul cu autocamionul este experien\u021ba noastr\u0103 particular\u0103 pe care v-o oferim pentru a v\u0103 deplasa casele mobile sau\u00a0cl\u0103dirile modulare \u00een condi\u021bii de siguran\u021b\u0103 \u0219i la timp, astfel \u00eenc\u00e2t s\u0103 ajung\u0103 \u00een stare perfect\u0103. <strong>INFO HUTTER<\/strong> dispune de\u00a0echipamente profesionale pentru face\u00a0mutarea casei tale mobile.<\/span><\/li>\n<\/ul>\n<hr \/>\n<ul>\n<li><span style=\"color: #000000;\">Ave\u021bi nevoie de transport? Am tractat peste un milion de kilometri! Cu peste 20 de ani de experien\u021b\u0103 \u00een transport, permite\u021bi profesioni\u0219tilor no\u0219tri califica\u021bi \u0219i echipamentului specializat s\u0103 v\u0103 mute casa mobil\u0103 cu o \u00eengrijire delicat\u0103.<\/span><\/li>\n<\/ul>\n<hr \/>\n<ul>\n<li>\n<h4><span style=\"color: #000000;\">Suna\u021bi-ne ast\u0103zi pentru o ofert\u0103!<\/span><\/h4>\n<\/li>\n<\/ul>\n<hr \/>\n<ul>\n<li><span style=\"color: #000000;\">\u00cenainte de a apela, v\u0103 rug\u0103m s\u0103 fi\u021bi preg\u0103tit s\u0103 r\u0103spunde\u021bi la urm\u0103toarele \u00eentreb\u0103ri:<\/span><\/li>\n<\/ul>\n<ol>\n<li><span style=\"color: #000000;\">Ce dimensiune este casa ta? Trebuie s\u0103 cunoa\u0219tem l\u0103\u021bimea \u0219i lungimea total\u0103 a casei dvs.<\/span><\/li>\n<li><span style=\"color: #000000;\">Casa ta are anvelope \u0219i axe? Dac\u0103 nu, c\u00e2te axe necesit\u0103 casa dvs.?<\/span><\/li>\n<li><span style=\"color: #000000;\">Sunt accesibile amplasamentele\u00a0dvs. de preluare \u0219i livrare? Exist\u0103 noroi\u00a0sau nisip pe amplasamentul\u00a0dvs.? Exist\u0103 copaci?<\/span><\/li>\n<\/ol>\n<hr \/>\n<ul>\n<li><span style=\"color: #000000;\">Avem un serviciu de livrare pentru persoanele care cump\u0103r\u0103 o locuin\u021b\u0103 mobil\u0103 de la noi. Dispunem de\u00a0camioane cu \u0219oferi experimenta\u021bi pentru a v\u0103 transporta \u00een siguran\u021b\u0103 locuin\u021ba mobil\u0103 de la locul\u00a0nostru de v\u00e2nzare c\u0103tre amplasamentul\u00a0dvs. privat.<\/span><\/li>\n<\/ul>\n<hr \/>\n<ul>\n<li><span style=\"color: #000000;\">Oferim, de asemenea, un serviciu de transport pentru cei care de\u021bin propriile case mobile \u0219i doresc s\u0103 le\u00a0deplaseze \u00eentr-o alt\u0103 loca\u021bie. Pre\u021burile pentru transport \u0219i livrare sunt evaluate \u00een func\u021bie de distan\u021ba parcurs\u0103, accesibilitatea site-ului \u0219i infrastructur\u0103.<\/span><\/li>\n<\/ul>\n<hr \/>\n<\/div>\n<\/div><\/div><\/div><\/div><\/div><\/div><\/div>","protected":false},"excerpt":{"rendered":"<p>HUTTER LAND &#8211; TRANSPORT CASE MOBILE &#8211; ORIUNDE \u00ceN ROM\u00c2NIA SAU EUROPA Dac\u0103 ave\u021bi nevoie s\u0103\u00a0transporta\u021bi case mobile sau cl\u0103diri modulare, INFO HUTTER\u00a0este firma la care pute\u021bi apela. Accesa\u021bi siteul nostru www.transporcaravan.co.uk\/ro Oferim asigurare de marf\u0103 \u0219i asigurare de r\u0103spundere. &hellip; <a href=\"https:\/\/www.casemobilealba.ro\/acasa\/transport\/\">Continued<\/a><\/p>\n","protected":false},"author":1,"featured_media":0,"parent":0,"menu_order":0,"comment_status":"closed","ping_status":"closed","template":"","meta":{"footnotes":""},"class_list":["post-2049","page","type-page","status-publish","hentry"],"yoast_head":"<!-- This site is optimized with the Yoast SEO plugin v27.4 - https:\/\/yoast.com\/product\/yoast-seo-wordpress\/ -->\n<title>TRANSPORT - CASE MOBILE<\/title>\n<meta name=\"robots\" content=\"index, follow, max-snippet:-1, max-image-preview:large, max-video-preview:-1\" \/>\n<link rel=\"canonical\" href=\"http:\/\/www.casemobilealba.ro\/acasa\/transport\/\" \/>\n<meta property=\"og:locale\" content=\"ro_RO\" \/>\n<meta property=\"og:type\" content=\"article\" \/>\n<meta property=\"og:title\" content=\"TRANSPORT - CASE MOBILE\" \/>\n<meta property=\"og:description\" content=\"HUTTER LAND - TRANSPORT CASE MOBILE - ORIUNDE \u00ceN ROM\u00c2NIA SAU EUROPA Dac\u0103 ave\u021bi nevoie s\u0103\u00a0transporta\u021bi case mobile sau cl\u0103diri modulare, INFO HUTTER\u00a0este firma la care pute\u021bi apela. Accesa\u021bi siteul nostru www.transporcaravan.co.uk\/ro Oferim asigurare de marf\u0103 \u0219i asigurare de r\u0103spundere. &hellip; Continued\" \/>\n<meta property=\"og:url\" content=\"http:\/\/www.casemobilealba.ro\/acasa\/transport\/\" \/>\n<meta property=\"og:site_name\" content=\"CASE MOBILE\" \/>\n<meta property=\"article:modified_time\" content=\"2021-01-05T10:57:34+00:00\" \/>\n<meta property=\"og:image\" content=\"http:\/\/www.casemobilealba.ro\/wp-content\/uploads\/logo-hutter-land-alba-iulia1-1.png\" \/>\n<meta name=\"twitter:card\" content=\"summary_large_image\" \/>\n<meta name=\"twitter:label1\" content=\"Timp estimat pentru citire\" \/>\n\t<meta name=\"twitter:data1\" content=\"2 minute\" \/>\n<script type=\"application\/ld+json\" class=\"yoast-schema-graph\">{\"@context\":\"https:\\\/\\\/schema.org\",\"@graph\":[{\"@type\":\"WebPage\",\"@id\":\"http:\\\/\\\/www.casemobilealba.ro\\\/acasa\\\/transport\\\/\",\"url\":\"http:\\\/\\\/www.casemobilealba.ro\\\/acasa\\\/transport\\\/\",\"name\":\"TRANSPORT - CASE MOBILE\",\"isPartOf\":{\"@id\":\"https:\\\/\\\/www.casemobilealba.ro\\\/acasa\\\/#website\"},\"primaryImageOfPage\":{\"@id\":\"http:\\\/\\\/www.casemobilealba.ro\\\/acasa\\\/transport\\\/#primaryimage\"},\"image\":{\"@id\":\"http:\\\/\\\/www.casemobilealba.ro\\\/acasa\\\/transport\\\/#primaryimage\"},\"thumbnailUrl\":\"http:\\\/\\\/www.casemobilealba.ro\\\/wp-content\\\/uploads\\\/logo-hutter-land-alba-iulia1-1.png\",\"datePublished\":\"2017-05-28T09:37:21+00:00\",\"dateModified\":\"2021-01-05T10:57:34+00:00\",\"breadcrumb\":{\"@id\":\"http:\\\/\\\/www.casemobilealba.ro\\\/acasa\\\/transport\\\/#breadcrumb\"},\"inLanguage\":\"ro-RO\",\"potentialAction\":[{\"@type\":\"ReadAction\",\"target\":[\"http:\\\/\\\/www.casemobilealba.ro\\\/acasa\\\/transport\\\/\"]}]},{\"@type\":\"ImageObject\",\"inLanguage\":\"ro-RO\",\"@id\":\"http:\\\/\\\/www.casemobilealba.ro\\\/acasa\\\/transport\\\/#primaryimage\",\"url\":\"http:\\\/\\\/www.casemobilealba.ro\\\/wp-content\\\/uploads\\\/logo-hutter-land-alba-iulia1-1.png\",\"contentUrl\":\"http:\\\/\\\/www.casemobilealba.ro\\\/wp-content\\\/uploads\\\/logo-hutter-land-alba-iulia1-1.png\"},{\"@type\":\"BreadcrumbList\",\"@id\":\"http:\\\/\\\/www.casemobilealba.ro\\\/acasa\\\/transport\\\/#breadcrumb\",\"itemListElement\":[{\"@type\":\"ListItem\",\"position\":1,\"name\":\"Prima pagin\u0103\",\"item\":\"https:\\\/\\\/www.casemobilealba.ro\\\/acasa\\\/\"},{\"@type\":\"ListItem\",\"position\":2,\"name\":\"TRANSPORT\"}]},{\"@type\":\"WebSite\",\"@id\":\"https:\\\/\\\/www.casemobilealba.ro\\\/acasa\\\/#website\",\"url\":\"https:\\\/\\\/www.casemobilealba.ro\\\/acasa\\\/\",\"name\":\"CASE MOBILE\",\"description\":\"CASE MOBILE SECOND HAND - ALBA IULIA, ROM\u00c2NIA\",\"potentialAction\":[{\"@type\":\"SearchAction\",\"target\":{\"@type\":\"EntryPoint\",\"urlTemplate\":\"https:\\\/\\\/www.casemobilealba.ro\\\/acasa\\\/?s={search_term_string}\"},\"query-input\":{\"@type\":\"PropertyValueSpecification\",\"valueRequired\":true,\"valueName\":\"search_term_string\"}}],\"inLanguage\":\"ro-RO\"}]}<\/script>\n<!-- \/ Yoast SEO plugin. -->","yoast_head_json":{"title":"TRANSPORT - CASE MOBILE","robots":{"index":"index","follow":"follow","max-snippet":"max-snippet:-1","max-image-preview":"max-image-preview:large","max-video-preview":"max-video-preview:-1"},"canonical":"http:\/\/www.casemobilealba.ro\/acasa\/transport\/","og_locale":"ro_RO","og_type":"article","og_title":"TRANSPORT - CASE MOBILE","og_description":"HUTTER LAND - TRANSPORT CASE MOBILE - ORIUNDE \u00ceN ROM\u00c2NIA SAU EUROPA Dac\u0103 ave\u021bi nevoie s\u0103\u00a0transporta\u021bi case mobile sau cl\u0103diri modulare, INFO HUTTER\u00a0este firma la care pute\u021bi apela. Accesa\u021bi siteul nostru www.transporcaravan.co.uk\/ro Oferim asigurare de marf\u0103 \u0219i asigurare de r\u0103spundere. &hellip; Continued","og_url":"http:\/\/www.casemobilealba.ro\/acasa\/transport\/","og_site_name":"CASE MOBILE","article_modified_time":"2021-01-05T10:57:34+00:00","og_image":[{"url":"http:\/\/www.casemobilealba.ro\/wp-content\/uploads\/logo-hutter-land-alba-iulia1-1.png","type":"","width":"","height":""}],"twitter_card":"summary_large_image","twitter_misc":{"Timp estimat pentru citire":"2 minute"},"schema":{"@context":"https:\/\/schema.org","@graph":[{"@type":"WebPage","@id":"http:\/\/www.casemobilealba.ro\/acasa\/transport\/","url":"http:\/\/www.casemobilealba.ro\/acasa\/transport\/","name":"TRANSPORT - CASE MOBILE","isPartOf":{"@id":"https:\/\/www.casemobilealba.ro\/acasa\/#website"},"primaryImageOfPage":{"@id":"http:\/\/www.casemobilealba.ro\/acasa\/transport\/#primaryimage"},"image":{"@id":"http:\/\/www.casemobilealba.ro\/acasa\/transport\/#primaryimage"},"thumbnailUrl":"http:\/\/www.casemobilealba.ro\/wp-content\/uploads\/logo-hutter-land-alba-iulia1-1.png","datePublished":"2017-05-28T09:37:21+00:00","dateModified":"2021-01-05T10:57:34+00:00","breadcrumb":{"@id":"http:\/\/www.casemobilealba.ro\/acasa\/transport\/#breadcrumb"},"inLanguage":"ro-RO","potentialAction":[{"@type":"ReadAction","target":["http:\/\/www.casemobilealba.ro\/acasa\/transport\/"]}]},{"@type":"ImageObject","inLanguage":"ro-RO","@id":"http:\/\/www.casemobilealba.ro\/acasa\/transport\/#primaryimage","url":"http:\/\/www.casemobilealba.ro\/wp-content\/uploads\/logo-hutter-land-alba-iulia1-1.png","contentUrl":"http:\/\/www.casemobilealba.ro\/wp-content\/uploads\/logo-hutter-land-alba-iulia1-1.png"},{"@type":"BreadcrumbList","@id":"http:\/\/www.casemobilealba.ro\/acasa\/transport\/#breadcrumb","itemListElement":[{"@type":"ListItem","position":1,"name":"Prima pagin\u0103","item":"https:\/\/www.casemobilealba.ro\/acasa\/"},{"@type":"ListItem","position":2,"name":"TRANSPORT"}]},{"@type":"WebSite","@id":"https:\/\/www.casemobilealba.ro\/acasa\/#website","url":"https:\/\/www.casemobilealba.ro\/acasa\/","name":"CASE MOBILE","description":"CASE MOBILE SECOND HAND - ALBA IULIA, ROM\u00c2NIA","potentialAction":[{"@type":"SearchAction","target":{"@type":"EntryPoint","urlTemplate":"https:\/\/www.casemobilealba.ro\/acasa\/?s={search_term_string}"},"query-input":{"@type":"PropertyValueSpecification","valueRequired":true,"valueName":"search_term_string"}}],"inLanguage":"ro-RO"}]}},"_links":{"self":[{"href":"https:\/\/www.casemobilealba.ro\/acasa\/wp-json\/wp\/v2\/pages\/2049","targetHints":{"allow":["GET"]}}],"collection":[{"href":"https:\/\/www.casemobilealba.ro\/acasa\/wp-json\/wp\/v2\/pages"}],"about":[{"href":"https:\/\/www.casemobilealba.ro\/acasa\/wp-json\/wp\/v2\/types\/page"}],"author":[{"embeddable":true,"href":"https:\/\/www.casemobilealba.ro\/acasa\/wp-json\/wp\/v2\/users\/1"}],"replies":[{"embeddable":true,"href":"https:\/\/www.casemobilealba.ro\/acasa\/wp-json\/wp\/v2\/comments?post=2049"}],"version-history":[{"count":23,"href":"https:\/\/www.casemobilealba.ro\/acasa\/wp-json\/wp\/v2\/pages\/2049\/revisions"}],"predecessor-version":[{"id":6317,"href":"https:\/\/www.casemobilealba.ro\/acasa\/wp-json\/wp\/v2\/pages\/2049\/revisions\/6317"}],"wp:attachment":[{"href":"https:\/\/www.casemobilealba.ro\/acasa\/wp-json\/wp\/v2\/media?parent=2049"}],"curies":[{"name":"wp","href":"https:\/\/api.w.org\/{rel}","templated":true}]}}