{"id":5707,"date":"2020-05-06T18:28:55","date_gmt":"2020-05-06T16:28:55","guid":{"rendered":"http:\/\/www.casemobilealba.ro\/acasa\/?page_id=5707"},"modified":"2020-06-07T20:54:43","modified_gmt":"2020-06-07T18:54:43","slug":"willerby-richmond","status":"publish","type":"page","link":"http:\/\/www.casemobilealba.ro\/acasa\/willerby-richmond\/","title":{"rendered":"WILLERBY RICHMOND"},"content":{"rendered":"<h1 style=\"text-align: center;\"><strong><span style=\"color: #0000ff;\">Cas\u0103 mobil\u0103 WILLERBY RICHMOND<\/span><\/strong><\/h1>\n<h1 style=\"text-align: center;\"><span style=\"text-decoration: underline;\"><span style=\"color: #0000ff; text-decoration: underline;\"><strong> 8,50mx3,0m<\/strong><\/span><\/span><\/h1>\n<h1 style=\"text-align: center;\"><span style=\"text-decoration: underline;\"><span style=\"color: #0000ff; text-decoration: underline;\"><strong>DOU\u0102 DORMITOARE<\/strong><\/span><\/span><\/h1>\n<h1 style=\"text-align: center;\"><span style=\"text-decoration: underline;\"><span style=\"color: #0000ff; text-decoration: underline;\"><strong>Geamuri duble<\/strong><\/span><\/span><\/h1>\n<p style=\"text-align: center;\"><img loading=\"lazy\" decoding=\"async\" class=\"alignright wp-image-5712\" src=\"https:\/\/www.casemobilealba.ro\/wp-content\/uploads\/ABC-192-300x225.jpg\" alt=\"\" width=\"640\" height=\"480\" srcset=\"https:\/\/www.casemobilealba.ro\/wp-content\/uploads\/ABC-192-300x225.jpg 300w, https:\/\/www.casemobilealba.ro\/wp-content\/uploads\/ABC-192.jpg 800w\" sizes=\"auto, (max-width: 640px) 100vw, 640px\" \/><\/p>\n<h1><span style=\"color: #000000;\">PRET: <span style=\"color: #ff0000;\"><strong><span style=\"text-decoration: underline;\">13.800 EUR<\/span><\/strong><\/span><\/span><br \/>\n<span style=\"color: #000000;\">STARE :<span style=\"text-decoration: underline; color: #ff0000;\"><strong>V\u00c2NDUT\u0102<\/strong><\/span><\/span><\/h1>\n<h1><\/h1>\n<p><span style=\"text-decoration: underline;\"><span style=\"color: #000000; text-decoration: underline;\">DETALII TEHNICE<\/span><\/span><\/p>\n<p><span style=\"color: #000000;\">Living cu coltar, cu loc pentru luat masa.<\/span><\/p>\n<p><span style=\"color: #000000;\">Bucatarie &#8211; chiuveta, hota aerisire, frigider cu congelator, aragaz cu cuptor.<\/span><\/p>\n<p><span style=\"color: #000000;\">Doua dormitoare.<\/span><\/p>\n<p><span style=\"color: #000000;\">Baie cu dus, chiuveta si WC-separat.<\/span><\/p>\n<p><span style=\"color: #000000;\">Instalatia electrica este la 220V.<\/span><\/p>\n<p><span style=\"color: #000000;\">Incalzirea se face cu convector pe gaz.<\/span><\/p>\n<p><span style=\"color: #000000;\">Pentru apa calda exista un centrala\u00a0pe gaz.<\/span><\/p>\n<p><span style=\"color: #000000;\">Casa se poate racorda la toate utilitatile:\u00a0apa, gaz, canal si electricitate devenind exact ca si o constructie clasica.<\/span><\/p>\n<p><span style=\"color: #000000;\">Nu este necesara nici un fel de documentatie pentru casele mobile in vederea amplasarii.<\/span><\/p>\n<p><span style=\"color: #000000;\">Casa se vinde complet mobilata exact cum se vede in poze.<\/span><\/p>\n<p><span style=\"color: #000000;\">Transport inclus!!!!<\/span><\/p>\n\r\n    <style>\r\n        #weblizar_5710 .wrgf-header-label {\r\n            color: #FFFFFF !important;\r\n        }\r\n\r\n        #weblizar_5710 .wrgf-footer-label {\r\n            color: #000000 !important;\r\n            font-size: 16px;\r\n            margin-bottom: 5px;\r\n            margin-top: 5px;\r\n            text-align: center;\r\n            font-weight: normal;\r\n        }\r\n\r\n        #weblizar_5710 .b-link-stroke .b-top-line {\r\n            background: rgba(10, 194, 210, 0.5);\r\n        }\r\n\r\n        #weblizar_5710 .b-link-stroke .b-bottom-line {\r\n            background: rgba(10, 194, 210, 0.5);\r\n        }\r\n\r\n        #weblizar_5710 .b-wrapper {\r\n            font-family: Arial;\r\n       \r\n        }\r\n\r\n        #weblizar_5710 .wrgf-header-label {\r\n            font-family: Arial !important;\r\n   \r\n        }\r\n\r\n        #weblizar_5710 .wrgf-footer-label {\r\n            font-family: Arial !important;\r\n    \r\n        }\r\n\r\n        @media (min-width: 992px) {\r\n            .col-md-6 {\r\n                width: 48% !important;\r\n                padding-right: 5px;\r\n                padding-left: 5px;\r\n                float: left;\r\n            }\r\n\r\n            .col-md-4 {\r\n                width: 33.30% !important;\r\n                padding-right: 10px;\r\n                padding-left: 10px;\r\n            }\r\n\r\n            .col-md-3 {\r\n                width: 24.90% !important;\r\n                padding-right: 10px;\r\n                padding-left: 10px;\r\n            }\r\n        }\r\n\r\n                @media (max-width: 992px) {\r\n            #weblizar_5710 .wrgf-header-label {\r\n                display: none;\r\n            }\r\n        }\r\n\r\n        @media (min-width: 993px) {\r\n            #weblizar_5710 .wrgf-footer-label {\r\n                display: none;\r\n            }\r\n        }\r\n\r\n                #weblizar_5710 a {\r\n            border-bottom: none;\r\n            overflow: hidden;\r\n            float: left;\r\n            margin-right: 0px;\r\n            padding-left: 0px;\r\n        }        \r\n\r\n            <\/style>\r\n\r\n\t    <div class=\"gal-container\">\r\n\t\t            <!--get the post id-->\r\n\t\t\t\r\n\t\t\t\r\n            <div class=\"gallery1\" id=\"weblizar_5710\">\r\n\t\t\t\t                    <div class=\"col-md-4 col-sm-6 wl-gallery\">\r\n                        <div class=\"b-link-stroke b-animate-go\">\r\n\r\n\t\t\t\t\t\t\t                            <a alt=\"\" class=\"swipebox\" href=\"https:\/\/www.casemobilealba.ro\/wp-content\/uploads\/ABC-194.jpg\"\r\n                               title=\"\">\r\n                                <img decoding=\"async\" src=\"https:\/\/www.casemobilealba.ro\/wp-content\/uploads\/ABC-194-400x400.jpg\" class=\"gall-img-responsive\"\r\n                                     alt=\"ABC 194\">\r\n                                <div class=\"b-wrapper\">\r\n\t\t\t\t\t\t\t\t\t\t\t\t\t\t\t\t\t\t\t\t\t\t\t\t\t\t\t\t                                <\/div>\r\n                            <\/a>\r\n\t\t\t\t\t\t\t                        <\/div>\r\n\t\t\t\t\t\t                    <\/div>\r\n\t\t\t\t\t                    <div class=\"col-md-4 col-sm-6 wl-gallery\">\r\n                        <div class=\"b-link-stroke b-animate-go\">\r\n\r\n\t\t\t\t\t\t\t                            <a alt=\"\" class=\"swipebox\" href=\"https:\/\/www.casemobilealba.ro\/wp-content\/uploads\/ABC-192.jpg\"\r\n                               title=\"\">\r\n                                <img decoding=\"async\" src=\"https:\/\/www.casemobilealba.ro\/wp-content\/uploads\/ABC-192-400x400.jpg\" class=\"gall-img-responsive\"\r\n                                     alt=\"ABC 192\">\r\n                                <div class=\"b-wrapper\">\r\n\t\t\t\t\t\t\t\t\t\t\t\t\t\t\t\t\t\t\t\t\t\t\t\t\t\t\t\t                                <\/div>\r\n                            <\/a>\r\n\t\t\t\t\t\t\t                        <\/div>\r\n\t\t\t\t\t\t                    <\/div>\r\n\t\t\t\t\t                    <div class=\"col-md-4 col-sm-6 wl-gallery\">\r\n                        <div class=\"b-link-stroke b-animate-go\">\r\n\r\n\t\t\t\t\t\t\t                            <a alt=\"\" class=\"swipebox\" href=\"https:\/\/www.casemobilealba.ro\/wp-content\/uploads\/ABC-193.jpg\"\r\n                               title=\"\">\r\n                                <img decoding=\"async\" src=\"https:\/\/www.casemobilealba.ro\/wp-content\/uploads\/ABC-193-400x400.jpg\" class=\"gall-img-responsive\"\r\n                                     alt=\"ABC 193\">\r\n                                <div class=\"b-wrapper\">\r\n\t\t\t\t\t\t\t\t\t\t\t\t\t\t\t\t\t\t\t\t\t\t\t\t\t\t\t\t                                <\/div>\r\n                            <\/a>\r\n\t\t\t\t\t\t\t                        <\/div>\r\n\t\t\t\t\t\t                    <\/div>\r\n\t\t\t\t\t                    <div class=\"col-md-4 col-sm-6 wl-gallery\">\r\n                        <div class=\"b-link-stroke b-animate-go\">\r\n\r\n\t\t\t\t\t\t\t                            <a alt=\"\" class=\"swipebox\" href=\"https:\/\/www.casemobilealba.ro\/wp-content\/uploads\/ABC-195.jpg\"\r\n                               title=\"\">\r\n                                <img decoding=\"async\" src=\"https:\/\/www.casemobilealba.ro\/wp-content\/uploads\/ABC-195-400x400.jpg\" class=\"gall-img-responsive\"\r\n                                     alt=\"ABC 195\">\r\n                                <div class=\"b-wrapper\">\r\n\t\t\t\t\t\t\t\t\t\t\t\t\t\t\t\t\t\t\t\t\t\t\t\t\t\t\t\t                                <\/div>\r\n                            <\/a>\r\n\t\t\t\t\t\t\t                        <\/div>\r\n\t\t\t\t\t\t                    <\/div>\r\n\t\t\t\t\t                    <div class=\"col-md-4 col-sm-6 wl-gallery\">\r\n                        <div class=\"b-link-stroke b-animate-go\">\r\n\r\n\t\t\t\t\t\t\t                            <a alt=\"\" class=\"swipebox\" href=\"https:\/\/www.casemobilealba.ro\/wp-content\/uploads\/ABC-196.jpg\"\r\n                               title=\"\">\r\n                                <img decoding=\"async\" src=\"https:\/\/www.casemobilealba.ro\/wp-content\/uploads\/ABC-196-400x400.jpg\" class=\"gall-img-responsive\"\r\n                                     alt=\"ABC 196\">\r\n                                <div class=\"b-wrapper\">\r\n\t\t\t\t\t\t\t\t\t\t\t\t\t\t\t\t\t\t\t\t\t\t\t\t\t\t\t\t                                <\/div>\r\n                            <\/a>\r\n\t\t\t\t\t\t\t                        <\/div>\r\n\t\t\t\t\t\t                    <\/div>\r\n\t\t\t\t\t                    <div class=\"col-md-4 col-sm-6 wl-gallery\">\r\n                        <div class=\"b-link-stroke b-animate-go\">\r\n\r\n\t\t\t\t\t\t\t                            <a alt=\"\" class=\"swipebox\" href=\"https:\/\/www.casemobilealba.ro\/wp-content\/uploads\/ABC-198.jpg\"\r\n                               title=\"\">\r\n                                <img decoding=\"async\" src=\"https:\/\/www.casemobilealba.ro\/wp-content\/uploads\/ABC-198-400x400.jpg\" class=\"gall-img-responsive\"\r\n                                     alt=\"ABC 198\">\r\n                                <div class=\"b-wrapper\">\r\n\t\t\t\t\t\t\t\t\t\t\t\t\t\t\t\t\t\t\t\t\t\t\t\t\t\t\t\t                                <\/div>\r\n                            <\/a>\r\n\t\t\t\t\t\t\t                        <\/div>\r\n\t\t\t\t\t\t                    <\/div>\r\n\t\t\t\t\t                    <div class=\"col-md-4 col-sm-6 wl-gallery\">\r\n                        <div class=\"b-link-stroke b-animate-go\">\r\n\r\n\t\t\t\t\t\t\t                            <a alt=\"\" class=\"swipebox\" href=\"https:\/\/www.casemobilealba.ro\/wp-content\/uploads\/ABC-199.jpg\"\r\n                               title=\"\">\r\n                                <img decoding=\"async\" src=\"https:\/\/www.casemobilealba.ro\/wp-content\/uploads\/ABC-199-400x400.jpg\" class=\"gall-img-responsive\"\r\n                                     alt=\"ABC 199\">\r\n                                <div class=\"b-wrapper\">\r\n\t\t\t\t\t\t\t\t\t\t\t\t\t\t\t\t\t\t\t\t\t\t\t\t\t\t\t\t                                <\/div>\r\n                            <\/a>\r\n\t\t\t\t\t\t\t                        <\/div>\r\n\t\t\t\t\t\t                    <\/div>\r\n\t\t\t\t\t                    <div class=\"col-md-4 col-sm-6 wl-gallery\">\r\n                        <div class=\"b-link-stroke b-animate-go\">\r\n\r\n\t\t\t\t\t\t\t                            <a alt=\"\" class=\"swipebox\" href=\"https:\/\/www.casemobilealba.ro\/wp-content\/uploads\/ABC-191.jpg\"\r\n                               title=\"\">\r\n                                <img decoding=\"async\" src=\"https:\/\/www.casemobilealba.ro\/wp-content\/uploads\/ABC-191-400x400.jpg\" class=\"gall-img-responsive\"\r\n                                     alt=\"WILLERBY RICHMOND, dou\u0103 dormitoare\">\r\n                                <div class=\"b-wrapper\">\r\n\t\t\t\t\t\t\t\t\t\t\t\t\t\t\t\t\t\t\t\t\t\t\t\t\t\t\t\t                                <\/div>\r\n                            <\/a>\r\n\t\t\t\t\t\t\t                        <\/div>\r\n\t\t\t\t\t\t                    <\/div>\r\n\t\t\t\t\t            <\/div>\r\n\t\t    <\/div>\r\n\r\n    <!-- swipe box-->\r\n    <script type=\"text\/javascript\">\r\n      (function (jQuery) {\r\n\t\t\tjQuery(window).imagesLoaded(function () {\r\n\t\t\tjQuery( window ).load(function() {\r\n   \t\t\tjQuery('.gallery1').masonry({\r\n                itemSelector: '.wl-gallery',\r\n                isAnimated: true,\r\n                isFitWidth: true\r\n            });\r\n\t\t}); });\r\n\t\t\t\/\/ jQuery('.gallery1').imagesLoaded(function () {\r\n   \/\/          jQuery('.gallery1').masonry({\r\n   \/\/              itemSelector: '.wl-gallery',\r\n   \/\/              isAnimated: true,\r\n   \/\/              isFitWidth: true\r\n   \/\/          });\r\n   \/\/      });\r\n        \tjQuery('.swipebox').imagesLoaded(function () {\r\n            jQuery('.swipebox').swipebox({\r\n                hideBarsDelay: 0,\r\n                hideCloseButtonOnMobile: false,\r\n            });\r\n             });\r\n\/\/         \t     jQuery('.gallery1').imagesLoaded(function () {\r\n\/\/             jQuery('.gallery1').masonry({\r\n\/\/                 itemSelector: '.wl-gallery',\r\n\/\/                 isAnimated: true,\r\n\/\/                 isFitWidth: true\r\n\/\/             });\r\n\/\/         });\r\n        })(jQuery);\r\n\r\n        \/\/ jQuery('.gallery1').imagesLoaded(function () {\r\n        \/\/     jQuery('.gallery1').masonry({\r\n        \/\/         itemSelector: '.wl-gallery',\r\n        \/\/         isAnimated: true,\r\n        \/\/         isFitWidth: true\r\n        \/\/     });\r\n        \/\/ });\r\n    <\/script> \r\n   <!--  <script type=\"text\/javascript\">\r\n        ;(function (jQuery) {\r\n            jQuery('.swipebox').swipebox({\r\n                hideBarsDelay: 0,\r\n                hideCloseButtonOnMobile: false,\r\n            });\r\n        })(jQuery);\r\n\r\n        jQuery('.gallery1').imagesLoaded(function () {\r\n            jQuery('.gallery1').masonry({\r\n                itemSelector: '.wl-gallery',\r\n                isAnimated: true,\r\n                isFitWidth: true\r\n            });\r\n        });\r\n    <\/script> -->\r\n\r\n\t\n","protected":false},"excerpt":{"rendered":"<p>Cas\u0103 mobil\u0103 WILLERBY RICHMOND 8,50mx3,0m DOU\u0102 DORMITOARE Geamuri duble PRET: 13.800 EUR STARE :V\u00c2NDUT\u0102 DETALII TEHNICE Living cu coltar, cu loc pentru luat masa. Bucatarie &#8211; chiuveta, hota aerisire, frigider cu congelator, aragaz cu cuptor. Doua dormitoare. Baie cu dus, &hellip; <a href=\"http:\/\/www.casemobilealba.ro\/acasa\/?p=5710\">Continued<\/a><\/p>\n","protected":false},"author":1,"featured_media":0,"parent":0,"menu_order":0,"comment_status":"closed","ping_status":"closed","template":"page-templates\/full-width.php","meta":{"footnotes":""},"class_list":["post-5707","page","type-page","status-publish","hentry"],"yoast_head":"<!-- This site is optimized with the Yoast SEO plugin v27.6 - https:\/\/yoast.com\/product\/yoast-seo-wordpress\/ -->\n<title>WILLERBY RICHMOND - CASE MOBILE<\/title>\n<meta name=\"robots\" content=\"index, follow, max-snippet:-1, max-image-preview:large, max-video-preview:-1\" \/>\n<link rel=\"canonical\" href=\"http:\/\/www.casemobilealba.ro\/acasa\/willerby-richmond\/\" \/>\n<meta property=\"og:locale\" content=\"ro_RO\" \/>\n<meta property=\"og:type\" content=\"article\" \/>\n<meta property=\"og:title\" content=\"WILLERBY RICHMOND - CASE MOBILE\" \/>\n<meta property=\"og:description\" content=\"Cas\u0103 mobil\u0103 WILLERBY RICHMOND 8,50mx3,0m DOU\u0102 DORMITOARE Geamuri duble PRET: 13.800 EUR STARE :V\u00c2NDUT\u0102 DETALII TEHNICE Living cu coltar, cu loc pentru luat masa. Bucatarie &#8211; chiuveta, hota aerisire, frigider cu congelator, aragaz cu cuptor. Doua dormitoare. Baie cu dus, &hellip; Continued\" \/>\n<meta property=\"og:url\" content=\"http:\/\/www.casemobilealba.ro\/acasa\/willerby-richmond\/\" \/>\n<meta property=\"og:site_name\" content=\"CASE MOBILE\" \/>\n<meta property=\"article:modified_time\" content=\"2020-06-07T18:54:43+00:00\" \/>\n<meta property=\"og:image\" content=\"https:\/\/www.casemobilealba.ro\/wp-content\/uploads\/ABC-192-300x225.jpg\" \/>\n<meta name=\"twitter:card\" content=\"summary_large_image\" \/>\n<meta name=\"twitter:label1\" content=\"Timp estimat pentru citire\" \/>\n\t<meta name=\"twitter:data1\" content=\"1 minut\" \/>\n<script type=\"application\/ld+json\" class=\"yoast-schema-graph\">{\"@context\":\"https:\\\/\\\/schema.org\",\"@graph\":[{\"@type\":\"WebPage\",\"@id\":\"http:\\\/\\\/www.casemobilealba.ro\\\/acasa\\\/willerby-richmond\\\/\",\"url\":\"http:\\\/\\\/www.casemobilealba.ro\\\/acasa\\\/willerby-richmond\\\/\",\"name\":\"WILLERBY RICHMOND - CASE MOBILE\",\"isPartOf\":{\"@id\":\"http:\\\/\\\/www.casemobilealba.ro\\\/acasa\\\/#website\"},\"primaryImageOfPage\":{\"@id\":\"http:\\\/\\\/www.casemobilealba.ro\\\/acasa\\\/willerby-richmond\\\/#primaryimage\"},\"image\":{\"@id\":\"http:\\\/\\\/www.casemobilealba.ro\\\/acasa\\\/willerby-richmond\\\/#primaryimage\"},\"thumbnailUrl\":\"https:\\\/\\\/www.casemobilealba.ro\\\/wp-content\\\/uploads\\\/ABC-192-300x225.jpg\",\"datePublished\":\"2020-05-06T16:28:55+00:00\",\"dateModified\":\"2020-06-07T18:54:43+00:00\",\"breadcrumb\":{\"@id\":\"http:\\\/\\\/www.casemobilealba.ro\\\/acasa\\\/willerby-richmond\\\/#breadcrumb\"},\"inLanguage\":\"ro-RO\",\"potentialAction\":[{\"@type\":\"ReadAction\",\"target\":[\"http:\\\/\\\/www.casemobilealba.ro\\\/acasa\\\/willerby-richmond\\\/\"]}]},{\"@type\":\"ImageObject\",\"inLanguage\":\"ro-RO\",\"@id\":\"http:\\\/\\\/www.casemobilealba.ro\\\/acasa\\\/willerby-richmond\\\/#primaryimage\",\"url\":\"https:\\\/\\\/www.casemobilealba.ro\\\/wp-content\\\/uploads\\\/ABC-192-300x225.jpg\",\"contentUrl\":\"https:\\\/\\\/www.casemobilealba.ro\\\/wp-content\\\/uploads\\\/ABC-192-300x225.jpg\"},{\"@type\":\"BreadcrumbList\",\"@id\":\"http:\\\/\\\/www.casemobilealba.ro\\\/acasa\\\/willerby-richmond\\\/#breadcrumb\",\"itemListElement\":[{\"@type\":\"ListItem\",\"position\":1,\"name\":\"Prima pagin\u0103\",\"item\":\"http:\\\/\\\/www.casemobilealba.ro\\\/acasa\\\/\"},{\"@type\":\"ListItem\",\"position\":2,\"name\":\"WILLERBY RICHMOND\"}]},{\"@type\":\"WebSite\",\"@id\":\"http:\\\/\\\/www.casemobilealba.ro\\\/acasa\\\/#website\",\"url\":\"http:\\\/\\\/www.casemobilealba.ro\\\/acasa\\\/\",\"name\":\"CASE MOBILE\",\"description\":\"CASE MOBILE SECOND HAND - ALBA IULIA, ROM\u00c2NIA\",\"potentialAction\":[{\"@type\":\"SearchAction\",\"target\":{\"@type\":\"EntryPoint\",\"urlTemplate\":\"http:\\\/\\\/www.casemobilealba.ro\\\/acasa\\\/?s={search_term_string}\"},\"query-input\":{\"@type\":\"PropertyValueSpecification\",\"valueRequired\":true,\"valueName\":\"search_term_string\"}}],\"inLanguage\":\"ro-RO\"}]}<\/script>\n<!-- \/ Yoast SEO plugin. -->","yoast_head_json":{"title":"WILLERBY RICHMOND - CASE MOBILE","robots":{"index":"index","follow":"follow","max-snippet":"max-snippet:-1","max-image-preview":"max-image-preview:large","max-video-preview":"max-video-preview:-1"},"canonical":"http:\/\/www.casemobilealba.ro\/acasa\/willerby-richmond\/","og_locale":"ro_RO","og_type":"article","og_title":"WILLERBY RICHMOND - CASE MOBILE","og_description":"Cas\u0103 mobil\u0103 WILLERBY RICHMOND 8,50mx3,0m DOU\u0102 DORMITOARE Geamuri duble PRET: 13.800 EUR STARE :V\u00c2NDUT\u0102 DETALII TEHNICE Living cu coltar, cu loc pentru luat masa. Bucatarie &#8211; chiuveta, hota aerisire, frigider cu congelator, aragaz cu cuptor. Doua dormitoare. Baie cu dus, &hellip; Continued","og_url":"http:\/\/www.casemobilealba.ro\/acasa\/willerby-richmond\/","og_site_name":"CASE MOBILE","article_modified_time":"2020-06-07T18:54:43+00:00","og_image":[{"url":"https:\/\/www.casemobilealba.ro\/wp-content\/uploads\/ABC-192-300x225.jpg","type":"","width":"","height":""}],"twitter_card":"summary_large_image","twitter_misc":{"Timp estimat pentru citire":"1 minut"},"schema":{"@context":"https:\/\/schema.org","@graph":[{"@type":"WebPage","@id":"http:\/\/www.casemobilealba.ro\/acasa\/willerby-richmond\/","url":"http:\/\/www.casemobilealba.ro\/acasa\/willerby-richmond\/","name":"WILLERBY RICHMOND - CASE MOBILE","isPartOf":{"@id":"http:\/\/www.casemobilealba.ro\/acasa\/#website"},"primaryImageOfPage":{"@id":"http:\/\/www.casemobilealba.ro\/acasa\/willerby-richmond\/#primaryimage"},"image":{"@id":"http:\/\/www.casemobilealba.ro\/acasa\/willerby-richmond\/#primaryimage"},"thumbnailUrl":"https:\/\/www.casemobilealba.ro\/wp-content\/uploads\/ABC-192-300x225.jpg","datePublished":"2020-05-06T16:28:55+00:00","dateModified":"2020-06-07T18:54:43+00:00","breadcrumb":{"@id":"http:\/\/www.casemobilealba.ro\/acasa\/willerby-richmond\/#breadcrumb"},"inLanguage":"ro-RO","potentialAction":[{"@type":"ReadAction","target":["http:\/\/www.casemobilealba.ro\/acasa\/willerby-richmond\/"]}]},{"@type":"ImageObject","inLanguage":"ro-RO","@id":"http:\/\/www.casemobilealba.ro\/acasa\/willerby-richmond\/#primaryimage","url":"https:\/\/www.casemobilealba.ro\/wp-content\/uploads\/ABC-192-300x225.jpg","contentUrl":"https:\/\/www.casemobilealba.ro\/wp-content\/uploads\/ABC-192-300x225.jpg"},{"@type":"BreadcrumbList","@id":"http:\/\/www.casemobilealba.ro\/acasa\/willerby-richmond\/#breadcrumb","itemListElement":[{"@type":"ListItem","position":1,"name":"Prima pagin\u0103","item":"http:\/\/www.casemobilealba.ro\/acasa\/"},{"@type":"ListItem","position":2,"name":"WILLERBY RICHMOND"}]},{"@type":"WebSite","@id":"http:\/\/www.casemobilealba.ro\/acasa\/#website","url":"http:\/\/www.casemobilealba.ro\/acasa\/","name":"CASE MOBILE","description":"CASE MOBILE SECOND HAND - ALBA IULIA, ROM\u00c2NIA","potentialAction":[{"@type":"SearchAction","target":{"@type":"EntryPoint","urlTemplate":"http:\/\/www.casemobilealba.ro\/acasa\/?s={search_term_string}"},"query-input":{"@type":"PropertyValueSpecification","valueRequired":true,"valueName":"search_term_string"}}],"inLanguage":"ro-RO"}]}},"_links":{"self":[{"href":"http:\/\/www.casemobilealba.ro\/acasa\/wp-json\/wp\/v2\/pages\/5707","targetHints":{"allow":["GET"]}}],"collection":[{"href":"http:\/\/www.casemobilealba.ro\/acasa\/wp-json\/wp\/v2\/pages"}],"about":[{"href":"http:\/\/www.casemobilealba.ro\/acasa\/wp-json\/wp\/v2\/types\/page"}],"author":[{"embeddable":true,"href":"http:\/\/www.casemobilealba.ro\/acasa\/wp-json\/wp\/v2\/users\/1"}],"replies":[{"embeddable":true,"href":"http:\/\/www.casemobilealba.ro\/acasa\/wp-json\/wp\/v2\/comments?post=5707"}],"version-history":[{"count":8,"href":"http:\/\/www.casemobilealba.ro\/acasa\/wp-json\/wp\/v2\/pages\/5707\/revisions"}],"predecessor-version":[{"id":5840,"href":"http:\/\/www.casemobilealba.ro\/acasa\/wp-json\/wp\/v2\/pages\/5707\/revisions\/5840"}],"wp:attachment":[{"href":"http:\/\/www.casemobilealba.ro\/acasa\/wp-json\/wp\/v2\/media?parent=5707"}],"curies":[{"name":"wp","href":"https:\/\/api.w.org\/{rel}","templated":true}]}}