{"id":5433,"date":"2020-01-13T08:25:08","date_gmt":"2020-01-13T06:25:08","guid":{"rendered":"http:\/\/www.casemobilealba.ro\/acasa\/?page_id=5433"},"modified":"2020-01-13T08:29:29","modified_gmt":"2020-01-13T06:29:29","slug":"cosalt-carlton","status":"publish","type":"page","link":"http:\/\/www.casemobilealba.ro\/acasa\/cosalt-carlton\/","title":{"rendered":"COSALT CARLTON"},"content":{"rendered":"<h1 style=\"text-align: center;\"><span style=\"text-decoration: underline;\"><span style=\"color: #0000ff; text-decoration: underline;\"><strong>COSALT CARLTON<\/strong><\/span><\/span><\/h1>\n<h1 style=\"text-align: center;\"><span style=\"text-decoration: underline;\"><span style=\"color: #0000ff; text-decoration: underline;\"><strong> 9,40mx3,0m<\/strong><\/span><\/span><\/h1>\n<h1 style=\"text-align: center;\"><span style=\"text-decoration: underline;\"><span style=\"color: #0000ff; text-decoration: underline;\"><strong>GEAMURI DUBLE &#8211; DOU\u0102 DORMITOARE<\/strong><\/span><\/span><\/h1>\n<p style=\"text-align: center;\"><a href=\"https:\/\/www.casemobilealba.ro\/wp-content\/uploads\/ABC-81.jpg\"><img loading=\"lazy\" decoding=\"async\" class=\"alignright wp-image-5435\" title=\"COSALT\" src=\"https:\/\/www.casemobilealba.ro\/wp-content\/uploads\/ABC-81-300x225.jpg\" alt=\"\" width=\"640\" height=\"480\" srcset=\"https:\/\/www.casemobilealba.ro\/wp-content\/uploads\/ABC-81-300x225.jpg 300w, https:\/\/www.casemobilealba.ro\/wp-content\/uploads\/ABC-81.jpg 640w\" sizes=\"auto, (max-width: 640px) 100vw, 640px\" \/><\/a><\/p>\n<h1><span style=\"color: #000000;\">PRET: <span style=\"color: #ff0000;\"><strong><span style=\"text-decoration: underline;\">12.200 EUR<\/span><\/strong><\/span><\/span><br \/>\n<span style=\"color: #000000;\">STARE :<span style=\"text-decoration: underline; color: #800080;\"><strong>\u00ceN CUR\u00c2ND<\/strong><\/span><\/span><\/h1>\n<h1><\/h1>\n<p><span style=\"text-decoration: underline;\"><span style=\"color: #000000; text-decoration: underline;\">DETALII TEHNICE<\/span><\/span><\/p>\n<p><span style=\"color: #000000;\">Living cu coltar, cu loc pentru luat masa.<\/span><\/p>\n<p><span style=\"color: #000000;\">Bucatarie &#8211; chiuveta, hota aerisire, frigider cu congelator, aragaz cu cuptor.<\/span><\/p>\n<p><span style=\"color: #000000;\">Doua dormitoare.<\/span><\/p>\n<p><span style=\"color: #000000;\">Baie cu dus, chiuveta si WC-separat.<\/span><\/p>\n<p><span style=\"color: #000000;\">Instalatia electrica este la 220V.<\/span><\/p>\n<p><span style=\"color: #000000;\">Incalzirea se face cu convector pe gaz.<\/span><\/p>\n<p><span style=\"color: #000000;\">Pentru apa calda exista un centrala\u00a0pe gaz.<\/span><\/p>\n<p><span style=\"color: #000000;\">Casa se poate racorda la toate utilitatile:\u00a0apa, gaz, canal si electricitate devenind exact ca si o constructie clasica.<\/span><\/p>\n<p><span style=\"color: #000000;\">Nu este necesara nici un fel de documentatie pentru casele mobile in vederea amplasarii.<\/span><\/p>\n<p><span style=\"color: #000000;\">Casa se vinde complet mobilata exact cum se vede in poze.<\/span><\/p>\n<p><span style=\"color: #000000;\">Transport inclus!!!!<\/span><\/p>\n\r\n    <style>\r\n        #weblizar_5438 .wrgf-header-label {\r\n            color: #FFFFFF !important;\r\n        }\r\n\r\n        #weblizar_5438 .wrgf-footer-label {\r\n            color: #000000 !important;\r\n            font-size: 16px;\r\n            margin-bottom: 5px;\r\n            margin-top: 5px;\r\n            text-align: center;\r\n            font-weight: normal;\r\n        }\r\n\r\n        #weblizar_5438 .b-link-stroke .b-top-line {\r\n            background: rgba(10, 194, 210, 0.5);\r\n        }\r\n\r\n        #weblizar_5438 .b-link-stroke .b-bottom-line {\r\n            background: rgba(10, 194, 210, 0.5);\r\n        }\r\n\r\n        #weblizar_5438 .b-wrapper {\r\n            font-family: Arial;\r\n       \r\n        }\r\n\r\n        #weblizar_5438 .wrgf-header-label {\r\n            font-family: Arial !important;\r\n   \r\n        }\r\n\r\n        #weblizar_5438 .wrgf-footer-label {\r\n            font-family: Arial !important;\r\n    \r\n        }\r\n\r\n        @media (min-width: 992px) {\r\n            .col-md-6 {\r\n                width: 48% !important;\r\n                padding-right: 5px;\r\n                padding-left: 5px;\r\n                float: left;\r\n            }\r\n\r\n            .col-md-4 {\r\n                width: 33.30% !important;\r\n                padding-right: 10px;\r\n                padding-left: 10px;\r\n            }\r\n\r\n            .col-md-3 {\r\n                width: 24.90% !important;\r\n                padding-right: 10px;\r\n                padding-left: 10px;\r\n            }\r\n        }\r\n\r\n                @media (max-width: 992px) {\r\n            #weblizar_5438 .wrgf-header-label {\r\n                display: none;\r\n            }\r\n        }\r\n\r\n        @media (min-width: 993px) {\r\n            #weblizar_5438 .wrgf-footer-label {\r\n                display: none;\r\n            }\r\n        }\r\n\r\n                #weblizar_5438 a {\r\n            border-bottom: none;\r\n            overflow: hidden;\r\n            float: left;\r\n            margin-right: 0px;\r\n            padding-left: 0px;\r\n        }        \r\n\r\n            <\/style>\r\n\r\n\t    <div class=\"gal-container\">\r\n\t\t            <!--get the post id-->\r\n\t\t\t\r\n\t\t\t\r\n            <div class=\"gallery1\" id=\"weblizar_5438\">\r\n\t\t\t\t                    <div class=\"col-md-4 col-sm-6 wl-gallery\">\r\n                        <div class=\"b-link-stroke b-animate-go\">\r\n\r\n\t\t\t\t\t\t\t                            <a alt=\"\" class=\"swipebox\" href=\"https:\/\/www.casemobilealba.ro\/wp-content\/uploads\/ABC-82.jpg\"\r\n                               title=\"\">\r\n                                <img decoding=\"async\" src=\"https:\/\/www.casemobilealba.ro\/wp-content\/uploads\/ABC-82-400x400.jpg\" class=\"gall-img-responsive\"\r\n                                     alt=\"ABC 82\">\r\n                                <div class=\"b-wrapper\">\r\n\t\t\t\t\t\t\t\t\t\t\t\t\t\t\t\t\t\t\t\t\t\t\t\t\t\t\t\t                                <\/div>\r\n                            <\/a>\r\n\t\t\t\t\t\t\t                        <\/div>\r\n\t\t\t\t\t\t                    <\/div>\r\n\t\t\t\t\t                    <div class=\"col-md-4 col-sm-6 wl-gallery\">\r\n                        <div class=\"b-link-stroke b-animate-go\">\r\n\r\n\t\t\t\t\t\t\t                            <a alt=\"\" class=\"swipebox\" href=\"https:\/\/www.casemobilealba.ro\/wp-content\/uploads\/ABC-83.jpg\"\r\n                               title=\"\">\r\n                                <img decoding=\"async\" src=\"https:\/\/www.casemobilealba.ro\/wp-content\/uploads\/ABC-83-400x400.jpg\" class=\"gall-img-responsive\"\r\n                                     alt=\"ABC 83\">\r\n                                <div class=\"b-wrapper\">\r\n\t\t\t\t\t\t\t\t\t\t\t\t\t\t\t\t\t\t\t\t\t\t\t\t\t\t\t\t                                <\/div>\r\n                            <\/a>\r\n\t\t\t\t\t\t\t                        <\/div>\r\n\t\t\t\t\t\t                    <\/div>\r\n\t\t\t\t\t                    <div class=\"col-md-4 col-sm-6 wl-gallery\">\r\n                        <div class=\"b-link-stroke b-animate-go\">\r\n\r\n\t\t\t\t\t\t\t                            <a alt=\"\" class=\"swipebox\" href=\"https:\/\/www.casemobilealba.ro\/wp-content\/uploads\/ABC-84.jpg\"\r\n                               title=\"\">\r\n                                <img decoding=\"async\" src=\"https:\/\/www.casemobilealba.ro\/wp-content\/uploads\/ABC-84-400x400.jpg\" class=\"gall-img-responsive\"\r\n                                     alt=\"ABC 84\">\r\n                                <div class=\"b-wrapper\">\r\n\t\t\t\t\t\t\t\t\t\t\t\t\t\t\t\t\t\t\t\t\t\t\t\t\t\t\t\t                                <\/div>\r\n                            <\/a>\r\n\t\t\t\t\t\t\t                        <\/div>\r\n\t\t\t\t\t\t                    <\/div>\r\n\t\t\t\t\t                    <div class=\"col-md-4 col-sm-6 wl-gallery\">\r\n                        <div class=\"b-link-stroke b-animate-go\">\r\n\r\n\t\t\t\t\t\t\t                            <a alt=\"\" class=\"swipebox\" href=\"https:\/\/www.casemobilealba.ro\/wp-content\/uploads\/ABC-81-1.jpg\"\r\n                               title=\"\">\r\n                                <img decoding=\"async\" src=\"https:\/\/www.casemobilealba.ro\/wp-content\/uploads\/ABC-81-1-400x400.jpg\" class=\"gall-img-responsive\"\r\n                                     alt=\"ABC 81\">\r\n                                <div class=\"b-wrapper\">\r\n\t\t\t\t\t\t\t\t\t\t\t\t\t\t\t\t\t\t\t\t\t\t\t\t\t\t\t\t                                <\/div>\r\n                            <\/a>\r\n\t\t\t\t\t\t\t                        <\/div>\r\n\t\t\t\t\t\t                    <\/div>\r\n\t\t\t\t\t                    <div class=\"col-md-4 col-sm-6 wl-gallery\">\r\n                        <div class=\"b-link-stroke b-animate-go\">\r\n\r\n\t\t\t\t\t\t\t                            <a alt=\"\" class=\"swipebox\" href=\"https:\/\/www.casemobilealba.ro\/wp-content\/uploads\/ABC-88.jpg\"\r\n                               title=\"\">\r\n                                <img decoding=\"async\" src=\"https:\/\/www.casemobilealba.ro\/wp-content\/uploads\/ABC-88-400x400.jpg\" class=\"gall-img-responsive\"\r\n                                     alt=\"ABC 88\">\r\n                                <div class=\"b-wrapper\">\r\n\t\t\t\t\t\t\t\t\t\t\t\t\t\t\t\t\t\t\t\t\t\t\t\t\t\t\t\t                                <\/div>\r\n                            <\/a>\r\n\t\t\t\t\t\t\t                        <\/div>\r\n\t\t\t\t\t\t                    <\/div>\r\n\t\t\t\t\t                    <div class=\"col-md-4 col-sm-6 wl-gallery\">\r\n                        <div class=\"b-link-stroke b-animate-go\">\r\n\r\n\t\t\t\t\t\t\t                            <a alt=\"\" class=\"swipebox\" href=\"https:\/\/www.casemobilealba.ro\/wp-content\/uploads\/ABC-87.jpg\"\r\n                               title=\"\">\r\n                                <img decoding=\"async\" src=\"https:\/\/www.casemobilealba.ro\/wp-content\/uploads\/ABC-87-400x400.jpg\" class=\"gall-img-responsive\"\r\n                                     alt=\"ABC 87\">\r\n                                <div class=\"b-wrapper\">\r\n\t\t\t\t\t\t\t\t\t\t\t\t\t\t\t\t\t\t\t\t\t\t\t\t\t\t\t\t                                <\/div>\r\n                            <\/a>\r\n\t\t\t\t\t\t\t                        <\/div>\r\n\t\t\t\t\t\t                    <\/div>\r\n\t\t\t\t\t                    <div class=\"col-md-4 col-sm-6 wl-gallery\">\r\n                        <div class=\"b-link-stroke b-animate-go\">\r\n\r\n\t\t\t\t\t\t\t                            <a alt=\"\" class=\"swipebox\" href=\"https:\/\/www.casemobilealba.ro\/wp-content\/uploads\/ABC-86.jpg\"\r\n                               title=\"\">\r\n                                <img decoding=\"async\" src=\"https:\/\/www.casemobilealba.ro\/wp-content\/uploads\/ABC-86-400x400.jpg\" class=\"gall-img-responsive\"\r\n                                     alt=\"ABC 86\">\r\n                                <div class=\"b-wrapper\">\r\n\t\t\t\t\t\t\t\t\t\t\t\t\t\t\t\t\t\t\t\t\t\t\t\t\t\t\t\t                                <\/div>\r\n                            <\/a>\r\n\t\t\t\t\t\t\t                        <\/div>\r\n\t\t\t\t\t\t                    <\/div>\r\n\t\t\t\t\t                    <div class=\"col-md-4 col-sm-6 wl-gallery\">\r\n                        <div class=\"b-link-stroke b-animate-go\">\r\n\r\n\t\t\t\t\t\t\t                            <a alt=\"\" class=\"swipebox\" href=\"https:\/\/www.casemobilealba.ro\/wp-content\/uploads\/ABC-85.jpg\"\r\n                               title=\"\">\r\n                                <img decoding=\"async\" src=\"https:\/\/www.casemobilealba.ro\/wp-content\/uploads\/ABC-85-400x400.jpg\" class=\"gall-img-responsive\"\r\n                                     alt=\"ABC 85\">\r\n                                <div class=\"b-wrapper\">\r\n\t\t\t\t\t\t\t\t\t\t\t\t\t\t\t\t\t\t\t\t\t\t\t\t\t\t\t\t                                <\/div>\r\n                            <\/a>\r\n\t\t\t\t\t\t\t                        <\/div>\r\n\t\t\t\t\t\t                    <\/div>\r\n\t\t\t\t\t                    <div class=\"col-md-4 col-sm-6 wl-gallery\">\r\n                        <div class=\"b-link-stroke b-animate-go\">\r\n\r\n\t\t\t\t\t\t\t                            <a alt=\"\" class=\"swipebox\" href=\"https:\/\/www.casemobilealba.ro\/wp-content\/uploads\/ABC-80.jpg\"\r\n                               title=\"\">\r\n                                <img decoding=\"async\" src=\"https:\/\/www.casemobilealba.ro\/wp-content\/uploads\/ABC-80-400x400.jpg\" class=\"gall-img-responsive\"\r\n                                     alt=\"ABC 80\">\r\n                                <div class=\"b-wrapper\">\r\n\t\t\t\t\t\t\t\t\t\t\t\t\t\t\t\t\t\t\t\t\t\t\t\t\t\t\t\t                                <\/div>\r\n                            <\/a>\r\n\t\t\t\t\t\t\t                        <\/div>\r\n\t\t\t\t\t\t                    <\/div>\r\n\t\t\t\t\t                    <div class=\"col-md-4 col-sm-6 wl-gallery\">\r\n                        <div class=\"b-link-stroke b-animate-go\">\r\n\r\n\t\t\t\t\t\t\t                            <a alt=\"\" class=\"swipebox\" href=\"https:\/\/www.casemobilealba.ro\/wp-content\/uploads\/ABC-79.jpg\"\r\n                               title=\"\">\r\n                                <img decoding=\"async\" src=\"https:\/\/www.casemobilealba.ro\/wp-content\/uploads\/ABC-79-400x400.jpg\" class=\"gall-img-responsive\"\r\n                                     alt=\"COSALT CARLTON, dou\u0103 dormitoare\">\r\n                                <div class=\"b-wrapper\">\r\n\t\t\t\t\t\t\t\t\t\t\t\t\t\t\t\t\t\t\t\t\t\t\t\t\t\t\t\t                                <\/div>\r\n                            <\/a>\r\n\t\t\t\t\t\t\t                        <\/div>\r\n\t\t\t\t\t\t                    <\/div>\r\n\t\t\t\t\t            <\/div>\r\n\t\t    <\/div>\r\n\r\n    <!-- swipe box-->\r\n    <script type=\"text\/javascript\">\r\n      (function (jQuery) {\r\n\t\t\tjQuery(window).imagesLoaded(function () {\r\n\t\t\tjQuery( window ).load(function() {\r\n   \t\t\tjQuery('.gallery1').masonry({\r\n                itemSelector: '.wl-gallery',\r\n                isAnimated: true,\r\n                isFitWidth: true\r\n            });\r\n\t\t}); });\r\n\t\t\t\/\/ jQuery('.gallery1').imagesLoaded(function () {\r\n   \/\/          jQuery('.gallery1').masonry({\r\n   \/\/              itemSelector: '.wl-gallery',\r\n   \/\/              isAnimated: true,\r\n   \/\/              isFitWidth: true\r\n   \/\/          });\r\n   \/\/      });\r\n        \tjQuery('.swipebox').imagesLoaded(function () {\r\n            jQuery('.swipebox').swipebox({\r\n                hideBarsDelay: 0,\r\n                hideCloseButtonOnMobile: false,\r\n            });\r\n             });\r\n\/\/         \t     jQuery('.gallery1').imagesLoaded(function () {\r\n\/\/             jQuery('.gallery1').masonry({\r\n\/\/                 itemSelector: '.wl-gallery',\r\n\/\/                 isAnimated: true,\r\n\/\/                 isFitWidth: true\r\n\/\/             });\r\n\/\/         });\r\n        })(jQuery);\r\n\r\n        \/\/ jQuery('.gallery1').imagesLoaded(function () {\r\n        \/\/     jQuery('.gallery1').masonry({\r\n        \/\/         itemSelector: '.wl-gallery',\r\n        \/\/         isAnimated: true,\r\n        \/\/         isFitWidth: true\r\n        \/\/     });\r\n        \/\/ });\r\n    <\/script> \r\n   <!--  <script type=\"text\/javascript\">\r\n        ;(function (jQuery) {\r\n            jQuery('.swipebox').swipebox({\r\n                hideBarsDelay: 0,\r\n                hideCloseButtonOnMobile: false,\r\n            });\r\n        })(jQuery);\r\n\r\n        jQuery('.gallery1').imagesLoaded(function () {\r\n            jQuery('.gallery1').masonry({\r\n                itemSelector: '.wl-gallery',\r\n                isAnimated: true,\r\n                isFitWidth: true\r\n            });\r\n        });\r\n    <\/script> -->\r\n\r\n\t\n","protected":false},"excerpt":{"rendered":"<p>COSALT CARLTON 9,40mx3,0m GEAMURI DUBLE &#8211; DOU\u0102 DORMITOARE PRET: 12.200 EUR STARE :\u00ceN CUR\u00c2ND DETALII TEHNICE Living cu coltar, cu loc pentru luat masa. Bucatarie &#8211; chiuveta, hota aerisire, frigider cu congelator, aragaz cu cuptor. Doua dormitoare. Baie cu dus, &hellip; <a href=\"http:\/\/www.casemobilealba.ro\/acasa\/?p=5438\">Continued<\/a><\/p>\n","protected":false},"author":1,"featured_media":0,"parent":0,"menu_order":0,"comment_status":"closed","ping_status":"closed","template":"page-templates\/full-width.php","meta":{"footnotes":""},"class_list":["post-5433","page","type-page","status-publish","hentry"],"yoast_head":"<!-- This site is optimized with the Yoast SEO plugin v27.4 - https:\/\/yoast.com\/product\/yoast-seo-wordpress\/ -->\n<title>COSALT CARLTON - CASE MOBILE<\/title>\n<meta name=\"robots\" content=\"index, follow, max-snippet:-1, max-image-preview:large, max-video-preview:-1\" \/>\n<link rel=\"canonical\" href=\"https:\/\/www.casemobilealba.ro\/acasa\/cosalt-carlton\/\" \/>\n<meta property=\"og:locale\" content=\"ro_RO\" \/>\n<meta property=\"og:type\" content=\"article\" \/>\n<meta property=\"og:title\" content=\"COSALT CARLTON - CASE MOBILE\" \/>\n<meta property=\"og:description\" content=\"COSALT CARLTON 9,40mx3,0m GEAMURI DUBLE &#8211; DOU\u0102 DORMITOARE PRET: 12.200 EUR STARE :\u00ceN CUR\u00c2ND DETALII TEHNICE Living cu coltar, cu loc pentru luat masa. Bucatarie &#8211; chiuveta, hota aerisire, frigider cu congelator, aragaz cu cuptor. Doua dormitoare. Baie cu dus, &hellip; Continued\" \/>\n<meta property=\"og:url\" content=\"https:\/\/www.casemobilealba.ro\/acasa\/cosalt-carlton\/\" \/>\n<meta property=\"og:site_name\" content=\"CASE MOBILE\" \/>\n<meta property=\"article:modified_time\" content=\"2020-01-13T06:29:29+00:00\" \/>\n<meta property=\"og:image\" content=\"https:\/\/www.casemobilealba.ro\/wp-content\/uploads\/ABC-81-300x225.jpg\" \/>\n<meta name=\"twitter:card\" content=\"summary_large_image\" \/>\n<meta name=\"twitter:label1\" content=\"Timp estimat pentru citire\" \/>\n\t<meta name=\"twitter:data1\" content=\"1 minut\" \/>\n<script type=\"application\/ld+json\" class=\"yoast-schema-graph\">{\"@context\":\"https:\\\/\\\/schema.org\",\"@graph\":[{\"@type\":\"WebPage\",\"@id\":\"https:\\\/\\\/www.casemobilealba.ro\\\/acasa\\\/cosalt-carlton\\\/\",\"url\":\"https:\\\/\\\/www.casemobilealba.ro\\\/acasa\\\/cosalt-carlton\\\/\",\"name\":\"COSALT CARLTON - CASE MOBILE\",\"isPartOf\":{\"@id\":\"https:\\\/\\\/www.casemobilealba.ro\\\/acasa\\\/#website\"},\"primaryImageOfPage\":{\"@id\":\"https:\\\/\\\/www.casemobilealba.ro\\\/acasa\\\/cosalt-carlton\\\/#primaryimage\"},\"image\":{\"@id\":\"https:\\\/\\\/www.casemobilealba.ro\\\/acasa\\\/cosalt-carlton\\\/#primaryimage\"},\"thumbnailUrl\":\"https:\\\/\\\/www.casemobilealba.ro\\\/wp-content\\\/uploads\\\/ABC-81-300x225.jpg\",\"datePublished\":\"2020-01-13T06:25:08+00:00\",\"dateModified\":\"2020-01-13T06:29:29+00:00\",\"breadcrumb\":{\"@id\":\"https:\\\/\\\/www.casemobilealba.ro\\\/acasa\\\/cosalt-carlton\\\/#breadcrumb\"},\"inLanguage\":\"ro-RO\",\"potentialAction\":[{\"@type\":\"ReadAction\",\"target\":[\"https:\\\/\\\/www.casemobilealba.ro\\\/acasa\\\/cosalt-carlton\\\/\"]}]},{\"@type\":\"ImageObject\",\"inLanguage\":\"ro-RO\",\"@id\":\"https:\\\/\\\/www.casemobilealba.ro\\\/acasa\\\/cosalt-carlton\\\/#primaryimage\",\"url\":\"https:\\\/\\\/www.casemobilealba.ro\\\/wp-content\\\/uploads\\\/ABC-81-300x225.jpg\",\"contentUrl\":\"https:\\\/\\\/www.casemobilealba.ro\\\/wp-content\\\/uploads\\\/ABC-81-300x225.jpg\"},{\"@type\":\"BreadcrumbList\",\"@id\":\"https:\\\/\\\/www.casemobilealba.ro\\\/acasa\\\/cosalt-carlton\\\/#breadcrumb\",\"itemListElement\":[{\"@type\":\"ListItem\",\"position\":1,\"name\":\"Prima pagin\u0103\",\"item\":\"https:\\\/\\\/www.casemobilealba.ro\\\/acasa\\\/\"},{\"@type\":\"ListItem\",\"position\":2,\"name\":\"COSALT CARLTON\"}]},{\"@type\":\"WebSite\",\"@id\":\"https:\\\/\\\/www.casemobilealba.ro\\\/acasa\\\/#website\",\"url\":\"https:\\\/\\\/www.casemobilealba.ro\\\/acasa\\\/\",\"name\":\"CASE MOBILE\",\"description\":\"CASE MOBILE SECOND HAND - ALBA IULIA, ROM\u00c2NIA\",\"potentialAction\":[{\"@type\":\"SearchAction\",\"target\":{\"@type\":\"EntryPoint\",\"urlTemplate\":\"https:\\\/\\\/www.casemobilealba.ro\\\/acasa\\\/?s={search_term_string}\"},\"query-input\":{\"@type\":\"PropertyValueSpecification\",\"valueRequired\":true,\"valueName\":\"search_term_string\"}}],\"inLanguage\":\"ro-RO\"}]}<\/script>\n<!-- \/ Yoast SEO plugin. -->","yoast_head_json":{"title":"COSALT CARLTON - CASE MOBILE","robots":{"index":"index","follow":"follow","max-snippet":"max-snippet:-1","max-image-preview":"max-image-preview:large","max-video-preview":"max-video-preview:-1"},"canonical":"https:\/\/www.casemobilealba.ro\/acasa\/cosalt-carlton\/","og_locale":"ro_RO","og_type":"article","og_title":"COSALT CARLTON - CASE MOBILE","og_description":"COSALT CARLTON 9,40mx3,0m GEAMURI DUBLE &#8211; DOU\u0102 DORMITOARE PRET: 12.200 EUR STARE :\u00ceN CUR\u00c2ND DETALII TEHNICE Living cu coltar, cu loc pentru luat masa. Bucatarie &#8211; chiuveta, hota aerisire, frigider cu congelator, aragaz cu cuptor. Doua dormitoare. Baie cu dus, &hellip; Continued","og_url":"https:\/\/www.casemobilealba.ro\/acasa\/cosalt-carlton\/","og_site_name":"CASE MOBILE","article_modified_time":"2020-01-13T06:29:29+00:00","og_image":[{"url":"https:\/\/www.casemobilealba.ro\/wp-content\/uploads\/ABC-81-300x225.jpg","type":"","width":"","height":""}],"twitter_card":"summary_large_image","twitter_misc":{"Timp estimat pentru citire":"1 minut"},"schema":{"@context":"https:\/\/schema.org","@graph":[{"@type":"WebPage","@id":"https:\/\/www.casemobilealba.ro\/acasa\/cosalt-carlton\/","url":"https:\/\/www.casemobilealba.ro\/acasa\/cosalt-carlton\/","name":"COSALT CARLTON - CASE MOBILE","isPartOf":{"@id":"https:\/\/www.casemobilealba.ro\/acasa\/#website"},"primaryImageOfPage":{"@id":"https:\/\/www.casemobilealba.ro\/acasa\/cosalt-carlton\/#primaryimage"},"image":{"@id":"https:\/\/www.casemobilealba.ro\/acasa\/cosalt-carlton\/#primaryimage"},"thumbnailUrl":"https:\/\/www.casemobilealba.ro\/wp-content\/uploads\/ABC-81-300x225.jpg","datePublished":"2020-01-13T06:25:08+00:00","dateModified":"2020-01-13T06:29:29+00:00","breadcrumb":{"@id":"https:\/\/www.casemobilealba.ro\/acasa\/cosalt-carlton\/#breadcrumb"},"inLanguage":"ro-RO","potentialAction":[{"@type":"ReadAction","target":["https:\/\/www.casemobilealba.ro\/acasa\/cosalt-carlton\/"]}]},{"@type":"ImageObject","inLanguage":"ro-RO","@id":"https:\/\/www.casemobilealba.ro\/acasa\/cosalt-carlton\/#primaryimage","url":"https:\/\/www.casemobilealba.ro\/wp-content\/uploads\/ABC-81-300x225.jpg","contentUrl":"https:\/\/www.casemobilealba.ro\/wp-content\/uploads\/ABC-81-300x225.jpg"},{"@type":"BreadcrumbList","@id":"https:\/\/www.casemobilealba.ro\/acasa\/cosalt-carlton\/#breadcrumb","itemListElement":[{"@type":"ListItem","position":1,"name":"Prima pagin\u0103","item":"https:\/\/www.casemobilealba.ro\/acasa\/"},{"@type":"ListItem","position":2,"name":"COSALT CARLTON"}]},{"@type":"WebSite","@id":"https:\/\/www.casemobilealba.ro\/acasa\/#website","url":"https:\/\/www.casemobilealba.ro\/acasa\/","name":"CASE MOBILE","description":"CASE MOBILE SECOND HAND - ALBA IULIA, ROM\u00c2NIA","potentialAction":[{"@type":"SearchAction","target":{"@type":"EntryPoint","urlTemplate":"https:\/\/www.casemobilealba.ro\/acasa\/?s={search_term_string}"},"query-input":{"@type":"PropertyValueSpecification","valueRequired":true,"valueName":"search_term_string"}}],"inLanguage":"ro-RO"}]}},"_links":{"self":[{"href":"http:\/\/www.casemobilealba.ro\/acasa\/wp-json\/wp\/v2\/pages\/5433","targetHints":{"allow":["GET"]}}],"collection":[{"href":"http:\/\/www.casemobilealba.ro\/acasa\/wp-json\/wp\/v2\/pages"}],"about":[{"href":"http:\/\/www.casemobilealba.ro\/acasa\/wp-json\/wp\/v2\/types\/page"}],"author":[{"embeddable":true,"href":"http:\/\/www.casemobilealba.ro\/acasa\/wp-json\/wp\/v2\/users\/1"}],"replies":[{"embeddable":true,"href":"http:\/\/www.casemobilealba.ro\/acasa\/wp-json\/wp\/v2\/comments?post=5433"}],"version-history":[{"count":2,"href":"http:\/\/www.casemobilealba.ro\/acasa\/wp-json\/wp\/v2\/pages\/5433\/revisions"}],"predecessor-version":[{"id":5449,"href":"http:\/\/www.casemobilealba.ro\/acasa\/wp-json\/wp\/v2\/pages\/5433\/revisions\/5449"}],"wp:attachment":[{"href":"http:\/\/www.casemobilealba.ro\/acasa\/wp-json\/wp\/v2\/media?parent=5433"}],"curies":[{"name":"wp","href":"https:\/\/api.w.org\/{rel}","templated":true}]}}