{"id":5386,"date":"2019-12-18T09:48:48","date_gmt":"2019-12-18T07:48:48","guid":{"rendered":"http:\/\/www.casemobilealba.ro\/acasa\/?page_id=5386"},"modified":"2019-12-18T09:48:48","modified_gmt":"2019-12-18T07:48:48","slug":"termeni-si-conditii","status":"publish","type":"page","link":"http:\/\/www.casemobilealba.ro\/acasa\/termeni-si-conditii\/","title":{"rendered":"TERMENI SI CONDITII"},"content":{"rendered":"<p>Acest site este de\u021binut \u0219i controlat de HUTTER LAND SRL.<br \/>\nPrin accesarea acestui site, sunte\u021bi de acord cu\u00a0ace\u0219ti termeni \u0219i condi\u021bii, care pot fi modifica\u021bi \u00een orice moment \u0219i f\u0103r\u0103 notificare prealabil\u0103.<\/p>\n<p>Organizarea \u0219i prezentarea con\u021binutului acestui site sunt proprietate intelectual\u0103 a HUTTER LAND SRL. Site-ul poate con\u021bine link-uri c\u0103tre alte site-uri. HUTTER LAND SRL nu \u00ee\u0219i asum\u0103 responsabilitatea pentru orice site ve\u021bi putea accesa prin intermediul lui \u0219i nu are nici un control asupra con\u021binutului acestor site-uri.<\/p>\n<p>\u00cen ciuda tuturor eforturilor rezonabile pentru a asigura acurate\u021bea \u0219i actualizarea con\u021binutului site-ului s\u0103u, HUTTER LAND SRL nu \u00ee\u0219i asum\u0103 nici o responsabilitate pentru corectitudinea sau valabilitatea declara\u021biilor con\u021binute \u00een documentele pe acest site.<br \/>\nHUTTER LAND SRL, angaja\u021bii s\u0103i, agen\u021bii sau cesionarii nu vor fi \u00een nici un caz r\u0103spunz\u0103tori pentru orice daune, directe, indirecte sau pe cale de consecin\u021b\u0103, care ar putea rezulta din utilizarea acestui website.<\/p>\n<p>Termenii si Condi\u021biile de utilizare ale acestui site sunt guvernate \u0219i interpretate \u00een conformitate cu legile din Rom\u00e2nia. Orice diferend legat de acest site sau orice tranzac\u021bie, inclusiv v\u00e2nzarea unui produs sau serviciu utiliz\u00e2nd acest site vor fi guvernate de legile din Rom\u00e2nia. Dac\u0103 ave\u021bi \u00eentreb\u0103ri sau comentarii, v\u0103 rug\u0103m s\u0103 le trimite\u021bi prin pagina de Contact.<\/p>\n<p>Informa\u021bii privind respectarea de c\u0103tre HUTTER LAND SRL a legilor \u0219i regulamentelor de protec\u021bie a datelor personale pute\u021bi citi <a href=\"http:\/\/www.casemobilealba.ro\/acasa\/confidentialitate-gdpr\/\"><strong>aici<\/strong>.<\/a><\/p>\n","protected":false},"excerpt":{"rendered":"<p>Acest site este de\u021binut \u0219i controlat de HUTTER LAND SRL. Prin accesarea acestui site, sunte\u021bi de acord cu\u00a0ace\u0219ti termeni \u0219i condi\u021bii, care pot fi modifica\u021bi \u00een orice moment \u0219i f\u0103r\u0103 notificare prealabil\u0103. Organizarea \u0219i prezentarea con\u021binutului acestui site sunt proprietate &hellip; <a href=\"http:\/\/www.casemobilealba.ro\/acasa\/termeni-si-conditii\/\">Continued<\/a><\/p>\n","protected":false},"author":1,"featured_media":0,"parent":0,"menu_order":0,"comment_status":"closed","ping_status":"closed","template":"","meta":{"footnotes":""},"class_list":["post-5386","page","type-page","status-publish","hentry"],"yoast_head":"<!-- This site is optimized with the Yoast SEO plugin v27.4 - https:\/\/yoast.com\/product\/yoast-seo-wordpress\/ -->\n<title>TERMENI SI CONDITII - CASE MOBILE<\/title>\n<meta name=\"robots\" content=\"index, follow, max-snippet:-1, max-image-preview:large, max-video-preview:-1\" \/>\n<link rel=\"canonical\" href=\"http:\/\/www.casemobilealba.ro\/acasa\/termeni-si-conditii\/\" \/>\n<meta property=\"og:locale\" content=\"ro_RO\" \/>\n<meta property=\"og:type\" content=\"article\" \/>\n<meta property=\"og:title\" content=\"TERMENI SI CONDITII - CASE MOBILE\" \/>\n<meta property=\"og:description\" content=\"Acest site este de\u021binut \u0219i controlat de HUTTER LAND SRL. Prin accesarea acestui site, sunte\u021bi de acord cu\u00a0ace\u0219ti termeni \u0219i condi\u021bii, care pot fi modifica\u021bi \u00een orice moment \u0219i f\u0103r\u0103 notificare prealabil\u0103. Organizarea \u0219i prezentarea con\u021binutului acestui site sunt proprietate &hellip; Continued\" \/>\n<meta property=\"og:url\" content=\"http:\/\/www.casemobilealba.ro\/acasa\/termeni-si-conditii\/\" \/>\n<meta property=\"og:site_name\" content=\"CASE MOBILE\" \/>\n<meta name=\"twitter:card\" content=\"summary_large_image\" \/>\n<meta name=\"twitter:label1\" content=\"Timp estimat pentru citire\" \/>\n\t<meta name=\"twitter:data1\" content=\"1 minut\" \/>\n<script type=\"application\/ld+json\" class=\"yoast-schema-graph\">{\"@context\":\"https:\\\/\\\/schema.org\",\"@graph\":[{\"@type\":\"WebPage\",\"@id\":\"http:\\\/\\\/www.casemobilealba.ro\\\/acasa\\\/termeni-si-conditii\\\/\",\"url\":\"http:\\\/\\\/www.casemobilealba.ro\\\/acasa\\\/termeni-si-conditii\\\/\",\"name\":\"TERMENI SI CONDITII - CASE MOBILE\",\"isPartOf\":{\"@id\":\"https:\\\/\\\/www.casemobilealba.ro\\\/acasa\\\/#website\"},\"datePublished\":\"2019-12-18T07:48:48+00:00\",\"breadcrumb\":{\"@id\":\"http:\\\/\\\/www.casemobilealba.ro\\\/acasa\\\/termeni-si-conditii\\\/#breadcrumb\"},\"inLanguage\":\"ro-RO\",\"potentialAction\":[{\"@type\":\"ReadAction\",\"target\":[\"http:\\\/\\\/www.casemobilealba.ro\\\/acasa\\\/termeni-si-conditii\\\/\"]}]},{\"@type\":\"BreadcrumbList\",\"@id\":\"http:\\\/\\\/www.casemobilealba.ro\\\/acasa\\\/termeni-si-conditii\\\/#breadcrumb\",\"itemListElement\":[{\"@type\":\"ListItem\",\"position\":1,\"name\":\"Prima pagin\u0103\",\"item\":\"https:\\\/\\\/www.casemobilealba.ro\\\/acasa\\\/\"},{\"@type\":\"ListItem\",\"position\":2,\"name\":\"TERMENI SI CONDITII\"}]},{\"@type\":\"WebSite\",\"@id\":\"https:\\\/\\\/www.casemobilealba.ro\\\/acasa\\\/#website\",\"url\":\"https:\\\/\\\/www.casemobilealba.ro\\\/acasa\\\/\",\"name\":\"CASE MOBILE\",\"description\":\"CASE MOBILE SECOND HAND - ALBA IULIA, ROM\u00c2NIA\",\"potentialAction\":[{\"@type\":\"SearchAction\",\"target\":{\"@type\":\"EntryPoint\",\"urlTemplate\":\"https:\\\/\\\/www.casemobilealba.ro\\\/acasa\\\/?s={search_term_string}\"},\"query-input\":{\"@type\":\"PropertyValueSpecification\",\"valueRequired\":true,\"valueName\":\"search_term_string\"}}],\"inLanguage\":\"ro-RO\"}]}<\/script>\n<!-- \/ Yoast SEO plugin. -->","yoast_head_json":{"title":"TERMENI SI CONDITII - CASE MOBILE","robots":{"index":"index","follow":"follow","max-snippet":"max-snippet:-1","max-image-preview":"max-image-preview:large","max-video-preview":"max-video-preview:-1"},"canonical":"http:\/\/www.casemobilealba.ro\/acasa\/termeni-si-conditii\/","og_locale":"ro_RO","og_type":"article","og_title":"TERMENI SI CONDITII - CASE MOBILE","og_description":"Acest site este de\u021binut \u0219i controlat de HUTTER LAND SRL. Prin accesarea acestui site, sunte\u021bi de acord cu\u00a0ace\u0219ti termeni \u0219i condi\u021bii, care pot fi modifica\u021bi \u00een orice moment \u0219i f\u0103r\u0103 notificare prealabil\u0103. Organizarea \u0219i prezentarea con\u021binutului acestui site sunt proprietate &hellip; Continued","og_url":"http:\/\/www.casemobilealba.ro\/acasa\/termeni-si-conditii\/","og_site_name":"CASE MOBILE","twitter_card":"summary_large_image","twitter_misc":{"Timp estimat pentru citire":"1 minut"},"schema":{"@context":"https:\/\/schema.org","@graph":[{"@type":"WebPage","@id":"http:\/\/www.casemobilealba.ro\/acasa\/termeni-si-conditii\/","url":"http:\/\/www.casemobilealba.ro\/acasa\/termeni-si-conditii\/","name":"TERMENI SI CONDITII - CASE MOBILE","isPartOf":{"@id":"https:\/\/www.casemobilealba.ro\/acasa\/#website"},"datePublished":"2019-12-18T07:48:48+00:00","breadcrumb":{"@id":"http:\/\/www.casemobilealba.ro\/acasa\/termeni-si-conditii\/#breadcrumb"},"inLanguage":"ro-RO","potentialAction":[{"@type":"ReadAction","target":["http:\/\/www.casemobilealba.ro\/acasa\/termeni-si-conditii\/"]}]},{"@type":"BreadcrumbList","@id":"http:\/\/www.casemobilealba.ro\/acasa\/termeni-si-conditii\/#breadcrumb","itemListElement":[{"@type":"ListItem","position":1,"name":"Prima pagin\u0103","item":"https:\/\/www.casemobilealba.ro\/acasa\/"},{"@type":"ListItem","position":2,"name":"TERMENI SI CONDITII"}]},{"@type":"WebSite","@id":"https:\/\/www.casemobilealba.ro\/acasa\/#website","url":"https:\/\/www.casemobilealba.ro\/acasa\/","name":"CASE MOBILE","description":"CASE MOBILE SECOND HAND - ALBA IULIA, ROM\u00c2NIA","potentialAction":[{"@type":"SearchAction","target":{"@type":"EntryPoint","urlTemplate":"https:\/\/www.casemobilealba.ro\/acasa\/?s={search_term_string}"},"query-input":{"@type":"PropertyValueSpecification","valueRequired":true,"valueName":"search_term_string"}}],"inLanguage":"ro-RO"}]}},"_links":{"self":[{"href":"http:\/\/www.casemobilealba.ro\/acasa\/wp-json\/wp\/v2\/pages\/5386","targetHints":{"allow":["GET"]}}],"collection":[{"href":"http:\/\/www.casemobilealba.ro\/acasa\/wp-json\/wp\/v2\/pages"}],"about":[{"href":"http:\/\/www.casemobilealba.ro\/acasa\/wp-json\/wp\/v2\/types\/page"}],"author":[{"embeddable":true,"href":"http:\/\/www.casemobilealba.ro\/acasa\/wp-json\/wp\/v2\/users\/1"}],"replies":[{"embeddable":true,"href":"http:\/\/www.casemobilealba.ro\/acasa\/wp-json\/wp\/v2\/comments?post=5386"}],"version-history":[{"count":1,"href":"http:\/\/www.casemobilealba.ro\/acasa\/wp-json\/wp\/v2\/pages\/5386\/revisions"}],"predecessor-version":[{"id":5388,"href":"http:\/\/www.casemobilealba.ro\/acasa\/wp-json\/wp\/v2\/pages\/5386\/revisions\/5388"}],"wp:attachment":[{"href":"http:\/\/www.casemobilealba.ro\/acasa\/wp-json\/wp\/v2\/media?parent=5386"}],"curies":[{"name":"wp","href":"https:\/\/api.w.org\/{rel}","templated":true}]}}