{"id":4734,"date":"2019-03-13T11:26:11","date_gmt":"2019-03-13T09:26:11","guid":{"rendered":"http:\/\/www.casemobilealba.ro\/acasa\/?page_id=4734"},"modified":"2019-04-22T06:07:30","modified_gmt":"2019-04-22T04:07:30","slug":"willerby-herald-106mx30m","status":"publish","type":"page","link":"http:\/\/www.casemobilealba.ro\/acasa\/willerby-herald-106mx30m\/","title":{"rendered":"WILLERBY HERALD 10,6mX3,0m"},"content":{"rendered":"<h1 style=\"text-align: center;\"><span style=\"color: #0000ff;\"><strong>Casa mobila WILLERBY HERALD<\/strong><\/span><\/h1>\n<h1 style=\"text-align: center;\"><span style=\"color: #0000ff;\"><strong> 10,60mx3,00m<\/strong><\/span><\/h1>\n<p><a href=\"https:\/\/www.casemobilealba.ro\/wp-content\/uploads\/PHOTO-2019-03-04-22-25-24-2-e1552468538778.jpg\"><img loading=\"lazy\" decoding=\"async\" class=\"alignright wp-image-4735 size-medium\" src=\"https:\/\/www.casemobilealba.ro\/wp-content\/uploads\/PHOTO-2019-03-04-22-25-24-2-300x225.jpg\" alt=\"CASA MOBILA WILLERBY HERALD\" width=\"300\" height=\"225\" \/><\/a><\/p>\n<h1><span style=\"color: #ff0000;\">PRET: <span style=\"color: #808080;\"><del>10.200<strong>\u00a0EUR<\/strong><\/del><\/span><\/span><\/h1>\n<h1><span style=\"color: #ff0000;\">8.600<strong> EUR-transport inclus<\/strong><\/span><\/h1>\n<h1>-dou\u0103 dormitoare-geamuri duble<\/h1>\n<h1>STARE: <span style=\"color: #ff0000;\">V\u00c2NDUT\u0102<\/span><\/h1>\n<p>DETALII TEHNICE<\/p>\n<p>Living cu coltar, cu loc pentru luat masa.<\/p>\n<p>Bucatarie &#8211; chiuveta, hota aerisire, frigider cu congelator, aragaz cu cuptor.<\/p>\n<p>Dormitor cu pat matrimonial.<\/p>\n<p>Doua dormitoare\u00a0cu trei\u00a0paturi de\u00a01 persoana .<\/p>\n<p>Baie cu dus, chiuveta si WC-separat.<\/p>\n<p>Instalatia electrica este la 220V.<\/p>\n<p>Incalzirea se face cu convector pe gaz.<\/p>\n<p>Pentru apa calda exista un centrala\u00a0pe gaz.<\/p>\n<p>Casa se poate racorda la toate utilitatile:\u00a0apa, gaz, canal si electricitate devenind exact ca si o constructie clasica.<\/p>\n<p>Nu este necesara nici un fel de documentatie pentru casele mobile in vederea amplasarii.<\/p>\n<p>Casa se vinde complet mobilata exact cum se vede in poze.<\/p>\n<p>La cerere asiguram transportul.<\/p>\n\r\n    <style>\r\n        #weblizar_4737 .wrgf-header-label {\r\n            color: #FFFFFF !important;\r\n        }\r\n\r\n        #weblizar_4737 .wrgf-footer-label {\r\n            color: #000000 !important;\r\n            font-size: 16px;\r\n            margin-bottom: 5px;\r\n            margin-top: 5px;\r\n            text-align: center;\r\n            font-weight: normal;\r\n        }\r\n\r\n        #weblizar_4737 .b-link-stroke .b-top-line {\r\n            background: rgba(10, 194, 210, 0.5);\r\n        }\r\n\r\n        #weblizar_4737 .b-link-stroke .b-bottom-line {\r\n            background: rgba(10, 194, 210, 0.5);\r\n        }\r\n\r\n        #weblizar_4737 .b-wrapper {\r\n            font-family: Arial;\r\n       \r\n        }\r\n\r\n        #weblizar_4737 .wrgf-header-label {\r\n            font-family: Arial !important;\r\n   \r\n        }\r\n\r\n        #weblizar_4737 .wrgf-footer-label {\r\n            font-family: Arial !important;\r\n    \r\n        }\r\n\r\n        @media (min-width: 992px) {\r\n            .col-md-6 {\r\n                width: 48% !important;\r\n                padding-right: 5px;\r\n                padding-left: 5px;\r\n                float: left;\r\n            }\r\n\r\n            .col-md-4 {\r\n                width: 33.30% !important;\r\n                padding-right: 10px;\r\n                padding-left: 10px;\r\n            }\r\n\r\n            .col-md-3 {\r\n                width: 24.90% !important;\r\n                padding-right: 10px;\r\n                padding-left: 10px;\r\n            }\r\n        }\r\n\r\n                @media (max-width: 992px) {\r\n            #weblizar_4737 .wrgf-header-label {\r\n                display: none;\r\n            }\r\n        }\r\n\r\n        @media (min-width: 993px) {\r\n            #weblizar_4737 .wrgf-footer-label {\r\n                display: none;\r\n            }\r\n        }\r\n\r\n                #weblizar_4737 a {\r\n            border-bottom: none;\r\n            overflow: hidden;\r\n            float: left;\r\n            margin-right: 0px;\r\n            padding-left: 0px;\r\n        }        \r\n\r\n            <\/style>\r\n\r\n\t    <div class=\"gal-container\">\r\n\t\t            <!--get the post id-->\r\n\t\t\t\r\n\t\t\t\r\n            <div class=\"gallery1\" id=\"weblizar_4737\">\r\n\t\t\t\t                    <div class=\"col-md-4 col-sm-6 wl-gallery\">\r\n                        <div class=\"b-link-stroke b-animate-go\">\r\n\r\n\t\t\t\t\t\t\t                            <a alt=\"\" class=\"swipebox\" href=\"https:\/\/www.casemobilealba.ro\/wp-content\/uploads\/PHOTO-2019-03-04-22-25-28-1.jpg\"\r\n                               title=\"\">\r\n                                <img decoding=\"async\" src=\"https:\/\/www.casemobilealba.ro\/wp-content\/uploads\/PHOTO-2019-03-04-22-25-28-1-400x400.jpg\" class=\"gall-img-responsive\"\r\n                                     alt=\"PHOTO-2019-03-04-22-25-28 (1)\">\r\n                                <div class=\"b-wrapper\">\r\n\t\t\t\t\t\t\t\t\t\t\t\t\t\t\t\t\t\t\t\t\t\t\t\t\t\t\t\t                                <\/div>\r\n                            <\/a>\r\n\t\t\t\t\t\t\t                        <\/div>\r\n\t\t\t\t\t\t                    <\/div>\r\n\t\t\t\t\t                    <div class=\"col-md-4 col-sm-6 wl-gallery\">\r\n                        <div class=\"b-link-stroke b-animate-go\">\r\n\r\n\t\t\t\t\t\t\t                            <a alt=\"\" class=\"swipebox\" href=\"https:\/\/www.casemobilealba.ro\/wp-content\/uploads\/PHOTO-2019-03-04-22-26-28.jpg\"\r\n                               title=\"\">\r\n                                <img decoding=\"async\" src=\"https:\/\/www.casemobilealba.ro\/wp-content\/uploads\/PHOTO-2019-03-04-22-26-28-400x400.jpg\" class=\"gall-img-responsive\"\r\n                                     alt=\"PHOTO-2019-03-04-22-26-28\">\r\n                                <div class=\"b-wrapper\">\r\n\t\t\t\t\t\t\t\t\t\t\t\t\t\t\t\t\t\t\t\t\t\t\t\t\t\t\t\t                                <\/div>\r\n                            <\/a>\r\n\t\t\t\t\t\t\t                        <\/div>\r\n\t\t\t\t\t\t                    <\/div>\r\n\t\t\t\t\t                    <div class=\"col-md-4 col-sm-6 wl-gallery\">\r\n                        <div class=\"b-link-stroke b-animate-go\">\r\n\r\n\t\t\t\t\t\t\t                            <a alt=\"\" class=\"swipebox\" href=\"https:\/\/www.casemobilealba.ro\/wp-content\/uploads\/PHOTO-2019-03-04-22-26-27.jpg\"\r\n                               title=\"\">\r\n                                <img decoding=\"async\" src=\"https:\/\/www.casemobilealba.ro\/wp-content\/uploads\/PHOTO-2019-03-04-22-26-27-400x400.jpg\" class=\"gall-img-responsive\"\r\n                                     alt=\"PHOTO-2019-03-04-22-26-27\">\r\n                                <div class=\"b-wrapper\">\r\n\t\t\t\t\t\t\t\t\t\t\t\t\t\t\t\t\t\t\t\t\t\t\t\t\t\t\t\t                                <\/div>\r\n                            <\/a>\r\n\t\t\t\t\t\t\t                        <\/div>\r\n\t\t\t\t\t\t                    <\/div>\r\n\t\t\t\t\t                    <div class=\"col-md-4 col-sm-6 wl-gallery\">\r\n                        <div class=\"b-link-stroke b-animate-go\">\r\n\r\n\t\t\t\t\t\t\t                            <a alt=\"\" class=\"swipebox\" href=\"https:\/\/www.casemobilealba.ro\/wp-content\/uploads\/PHOTO-2019-03-04-22-25-25.jpg\"\r\n                               title=\"\">\r\n                                <img decoding=\"async\" src=\"https:\/\/www.casemobilealba.ro\/wp-content\/uploads\/PHOTO-2019-03-04-22-25-25-400x400.jpg\" class=\"gall-img-responsive\"\r\n                                     alt=\"PHOTO-2019-03-04-22-25-25\">\r\n                                <div class=\"b-wrapper\">\r\n\t\t\t\t\t\t\t\t\t\t\t\t\t\t\t\t\t\t\t\t\t\t\t\t\t\t\t\t                                <\/div>\r\n                            <\/a>\r\n\t\t\t\t\t\t\t                        <\/div>\r\n\t\t\t\t\t\t                    <\/div>\r\n\t\t\t\t\t                    <div class=\"col-md-4 col-sm-6 wl-gallery\">\r\n                        <div class=\"b-link-stroke b-animate-go\">\r\n\r\n\t\t\t\t\t\t\t                            <a alt=\"\" class=\"swipebox\" href=\"https:\/\/www.casemobilealba.ro\/wp-content\/uploads\/PHOTO-2019-03-04-22-28-00.jpg\"\r\n                               title=\"\">\r\n                                <img decoding=\"async\" src=\"https:\/\/www.casemobilealba.ro\/wp-content\/uploads\/PHOTO-2019-03-04-22-28-00-400x400.jpg\" class=\"gall-img-responsive\"\r\n                                     alt=\"PHOTO-2019-03-04-22-28-00\">\r\n                                <div class=\"b-wrapper\">\r\n\t\t\t\t\t\t\t\t\t\t\t\t\t\t\t\t\t\t\t\t\t\t\t\t\t\t\t\t                                <\/div>\r\n                            <\/a>\r\n\t\t\t\t\t\t\t                        <\/div>\r\n\t\t\t\t\t\t                    <\/div>\r\n\t\t\t\t\t                    <div class=\"col-md-4 col-sm-6 wl-gallery\">\r\n                        <div class=\"b-link-stroke b-animate-go\">\r\n\r\n\t\t\t\t\t\t\t                            <a alt=\"\" class=\"swipebox\" href=\"https:\/\/www.casemobilealba.ro\/wp-content\/uploads\/PHOTO-2019-03-04-22-26-31-1.jpg\"\r\n                               title=\"\">\r\n                                <img decoding=\"async\" src=\"https:\/\/www.casemobilealba.ro\/wp-content\/uploads\/PHOTO-2019-03-04-22-26-31-1-400x400.jpg\" class=\"gall-img-responsive\"\r\n                                     alt=\"PHOTO-2019-03-04-22-26-31 (1)\">\r\n                                <div class=\"b-wrapper\">\r\n\t\t\t\t\t\t\t\t\t\t\t\t\t\t\t\t\t\t\t\t\t\t\t\t\t\t\t\t                                <\/div>\r\n                            <\/a>\r\n\t\t\t\t\t\t\t                        <\/div>\r\n\t\t\t\t\t\t                    <\/div>\r\n\t\t\t\t\t                    <div class=\"col-md-4 col-sm-6 wl-gallery\">\r\n                        <div class=\"b-link-stroke b-animate-go\">\r\n\r\n\t\t\t\t\t\t\t                            <a alt=\"\" class=\"swipebox\" href=\"https:\/\/www.casemobilealba.ro\/wp-content\/uploads\/PHOTO-2019-03-04-22-28-09-1.jpg\"\r\n                               title=\"\">\r\n                                <img decoding=\"async\" src=\"https:\/\/www.casemobilealba.ro\/wp-content\/uploads\/PHOTO-2019-03-04-22-28-09-1-400x400.jpg\" class=\"gall-img-responsive\"\r\n                                     alt=\"PHOTO-2019-03-04-22-28-09 (1)\">\r\n                                <div class=\"b-wrapper\">\r\n\t\t\t\t\t\t\t\t\t\t\t\t\t\t\t\t\t\t\t\t\t\t\t\t\t\t\t\t                                <\/div>\r\n                            <\/a>\r\n\t\t\t\t\t\t\t                        <\/div>\r\n\t\t\t\t\t\t                    <\/div>\r\n\t\t\t\t\t                    <div class=\"col-md-4 col-sm-6 wl-gallery\">\r\n                        <div class=\"b-link-stroke b-animate-go\">\r\n\r\n\t\t\t\t\t\t\t                            <a alt=\"\" class=\"swipebox\" href=\"https:\/\/www.casemobilealba.ro\/wp-content\/uploads\/PHOTO-2019-03-04-22-28-08-2.jpg\"\r\n                               title=\"\">\r\n                                <img decoding=\"async\" src=\"https:\/\/www.casemobilealba.ro\/wp-content\/uploads\/PHOTO-2019-03-04-22-28-08-2-400x400.jpg\" class=\"gall-img-responsive\"\r\n                                     alt=\"PHOTO-2019-03-04-22-28-08 (2)\">\r\n                                <div class=\"b-wrapper\">\r\n\t\t\t\t\t\t\t\t\t\t\t\t\t\t\t\t\t\t\t\t\t\t\t\t\t\t\t\t                                <\/div>\r\n                            <\/a>\r\n\t\t\t\t\t\t\t                        <\/div>\r\n\t\t\t\t\t\t                    <\/div>\r\n\t\t\t\t\t                    <div class=\"col-md-4 col-sm-6 wl-gallery\">\r\n                        <div class=\"b-link-stroke b-animate-go\">\r\n\r\n\t\t\t\t\t\t\t                            <a alt=\"\" class=\"swipebox\" href=\"https:\/\/www.casemobilealba.ro\/wp-content\/uploads\/PHOTO-2019-03-04-22-26-30.jpg\"\r\n                               title=\"\">\r\n                                <img decoding=\"async\" src=\"https:\/\/www.casemobilealba.ro\/wp-content\/uploads\/PHOTO-2019-03-04-22-26-30-400x400.jpg\" class=\"gall-img-responsive\"\r\n                                     alt=\"PHOTO-2019-03-04-22-26-30\">\r\n                                <div class=\"b-wrapper\">\r\n\t\t\t\t\t\t\t\t\t\t\t\t\t\t\t\t\t\t\t\t\t\t\t\t\t\t\t\t                                <\/div>\r\n                            <\/a>\r\n\t\t\t\t\t\t\t                        <\/div>\r\n\t\t\t\t\t\t                    <\/div>\r\n\t\t\t\t\t                    <div class=\"col-md-4 col-sm-6 wl-gallery\">\r\n                        <div class=\"b-link-stroke b-animate-go\">\r\n\r\n\t\t\t\t\t\t\t                            <a alt=\"\" class=\"swipebox\" href=\"https:\/\/www.casemobilealba.ro\/wp-content\/uploads\/PHOTO-2019-03-04-22-26-33.jpg\"\r\n                               title=\"\">\r\n                                <img decoding=\"async\" src=\"https:\/\/www.casemobilealba.ro\/wp-content\/uploads\/PHOTO-2019-03-04-22-26-33-400x400.jpg\" class=\"gall-img-responsive\"\r\n                                     alt=\"PHOTO-2019-03-04-22-26-33\">\r\n                                <div class=\"b-wrapper\">\r\n\t\t\t\t\t\t\t\t\t\t\t\t\t\t\t\t\t\t\t\t\t\t\t\t\t\t\t\t                                <\/div>\r\n                            <\/a>\r\n\t\t\t\t\t\t\t                        <\/div>\r\n\t\t\t\t\t\t                    <\/div>\r\n\t\t\t\t\t                    <div class=\"col-md-4 col-sm-6 wl-gallery\">\r\n                        <div class=\"b-link-stroke b-animate-go\">\r\n\r\n\t\t\t\t\t\t\t                            <a alt=\"\" class=\"swipebox\" href=\"https:\/\/www.casemobilealba.ro\/wp-content\/uploads\/PHOTO-2019-03-04-22-26-29.jpg\"\r\n                               title=\"\">\r\n                                <img decoding=\"async\" src=\"https:\/\/www.casemobilealba.ro\/wp-content\/uploads\/PHOTO-2019-03-04-22-26-29-400x400.jpg\" class=\"gall-img-responsive\"\r\n                                     alt=\"PHOTO-2019-03-04-22-26-29\">\r\n                                <div class=\"b-wrapper\">\r\n\t\t\t\t\t\t\t\t\t\t\t\t\t\t\t\t\t\t\t\t\t\t\t\t\t\t\t\t                                <\/div>\r\n                            <\/a>\r\n\t\t\t\t\t\t\t                        <\/div>\r\n\t\t\t\t\t\t                    <\/div>\r\n\t\t\t\t\t                    <div class=\"col-md-4 col-sm-6 wl-gallery\">\r\n                        <div class=\"b-link-stroke b-animate-go\">\r\n\r\n\t\t\t\t\t\t\t                            <a alt=\"\" class=\"swipebox\" href=\"https:\/\/www.casemobilealba.ro\/wp-content\/uploads\/PHOTO-2019-03-04-22-28-07-1.jpg\"\r\n                               title=\"\">\r\n                                <img decoding=\"async\" src=\"https:\/\/www.casemobilealba.ro\/wp-content\/uploads\/PHOTO-2019-03-04-22-28-07-1-400x400.jpg\" class=\"gall-img-responsive\"\r\n                                     alt=\"PHOTO-2019-03-04-22-28-07 (1)\">\r\n                                <div class=\"b-wrapper\">\r\n\t\t\t\t\t\t\t\t\t\t\t\t\t\t\t\t\t\t\t\t\t\t\t\t\t\t\t\t                                <\/div>\r\n                            <\/a>\r\n\t\t\t\t\t\t\t                        <\/div>\r\n\t\t\t\t\t\t                    <\/div>\r\n\t\t\t\t\t                    <div class=\"col-md-4 col-sm-6 wl-gallery\">\r\n                        <div class=\"b-link-stroke b-animate-go\">\r\n\r\n\t\t\t\t\t\t\t                            <a alt=\"\" class=\"swipebox\" href=\"https:\/\/www.casemobilealba.ro\/wp-content\/uploads\/PHOTO-2019-03-04-22-25-23.jpg\"\r\n                               title=\"\">\r\n                                <img decoding=\"async\" src=\"https:\/\/www.casemobilealba.ro\/wp-content\/uploads\/PHOTO-2019-03-04-22-25-23-400x400.jpg\" class=\"gall-img-responsive\"\r\n                                     alt=\"WILLERBY HERALD 10,60mX3,0m\">\r\n                                <div class=\"b-wrapper\">\r\n\t\t\t\t\t\t\t\t\t\t\t\t\t\t\t\t\t\t\t\t\t\t\t\t\t\t\t\t                                <\/div>\r\n                            <\/a>\r\n\t\t\t\t\t\t\t                        <\/div>\r\n\t\t\t\t\t\t                    <\/div>\r\n\t\t\t\t\t            <\/div>\r\n\t\t    <\/div>\r\n\r\n    <!-- swipe box-->\r\n    <script type=\"text\/javascript\">\r\n      (function (jQuery) {\r\n\t\t\tjQuery(window).imagesLoaded(function () {\r\n\t\t\tjQuery( window ).load(function() {\r\n   \t\t\tjQuery('.gallery1').masonry({\r\n                itemSelector: '.wl-gallery',\r\n                isAnimated: true,\r\n                isFitWidth: true\r\n            });\r\n\t\t}); });\r\n\t\t\t\/\/ jQuery('.gallery1').imagesLoaded(function () {\r\n   \/\/          jQuery('.gallery1').masonry({\r\n   \/\/              itemSelector: '.wl-gallery',\r\n   \/\/              isAnimated: true,\r\n   \/\/              isFitWidth: true\r\n   \/\/          });\r\n   \/\/      });\r\n        \tjQuery('.swipebox').imagesLoaded(function () {\r\n            jQuery('.swipebox').swipebox({\r\n                hideBarsDelay: 0,\r\n                hideCloseButtonOnMobile: false,\r\n            });\r\n             });\r\n\/\/         \t     jQuery('.gallery1').imagesLoaded(function () {\r\n\/\/             jQuery('.gallery1').masonry({\r\n\/\/                 itemSelector: '.wl-gallery',\r\n\/\/                 isAnimated: true,\r\n\/\/                 isFitWidth: true\r\n\/\/             });\r\n\/\/         });\r\n        })(jQuery);\r\n\r\n        \/\/ jQuery('.gallery1').imagesLoaded(function () {\r\n        \/\/     jQuery('.gallery1').masonry({\r\n        \/\/         itemSelector: '.wl-gallery',\r\n        \/\/         isAnimated: true,\r\n        \/\/         isFitWidth: true\r\n        \/\/     });\r\n        \/\/ });\r\n    <\/script> \r\n   <!--  <script type=\"text\/javascript\">\r\n        ;(function (jQuery) {\r\n            jQuery('.swipebox').swipebox({\r\n                hideBarsDelay: 0,\r\n                hideCloseButtonOnMobile: false,\r\n            });\r\n        })(jQuery);\r\n\r\n        jQuery('.gallery1').imagesLoaded(function () {\r\n            jQuery('.gallery1').masonry({\r\n                itemSelector: '.wl-gallery',\r\n                isAnimated: true,\r\n                isFitWidth: true\r\n            });\r\n        });\r\n    <\/script> -->\r\n\r\n\t\n","protected":false},"excerpt":{"rendered":"<p>Casa mobila WILLERBY HERALD 10,60mx3,00m PRET: 10.200\u00a0EUR 8.600 EUR-transport inclus -dou\u0103 dormitoare-geamuri duble STARE: V\u00c2NDUT\u0102 DETALII TEHNICE Living cu coltar, cu loc pentru luat masa. Bucatarie &#8211; chiuveta, hota aerisire, frigider cu congelator, aragaz cu cuptor. Dormitor cu pat matrimonial. &hellip; <a href=\"http:\/\/www.casemobilealba.ro\/acasa\/?p=4737\">Continued<\/a><\/p>\n","protected":false},"author":1,"featured_media":0,"parent":0,"menu_order":0,"comment_status":"closed","ping_status":"closed","template":"page-templates\/full-width.php","meta":{"footnotes":""},"class_list":["post-4734","page","type-page","status-publish","hentry"],"yoast_head":"<!-- This site is optimized with the Yoast SEO plugin v27.6 - https:\/\/yoast.com\/product\/yoast-seo-wordpress\/ -->\n<title>WILLERBY HERALD 10,6mX3,0m - CASE MOBILE<\/title>\n<meta name=\"robots\" content=\"index, follow, max-snippet:-1, max-image-preview:large, max-video-preview:-1\" \/>\n<link rel=\"canonical\" href=\"http:\/\/www.casemobilealba.ro\/acasa\/willerby-herald-106mx30m\/\" \/>\n<meta property=\"og:locale\" content=\"ro_RO\" \/>\n<meta property=\"og:type\" content=\"article\" \/>\n<meta property=\"og:title\" content=\"WILLERBY HERALD 10,6mX3,0m - CASE MOBILE\" \/>\n<meta property=\"og:description\" content=\"Casa mobila WILLERBY HERALD 10,60mx3,00m PRET: 10.200\u00a0EUR 8.600 EUR-transport inclus -dou\u0103 dormitoare-geamuri duble STARE: V\u00c2NDUT\u0102 DETALII TEHNICE Living cu coltar, cu loc pentru luat masa. Bucatarie &#8211; chiuveta, hota aerisire, frigider cu congelator, aragaz cu cuptor. Dormitor cu pat matrimonial. &hellip; Continued\" \/>\n<meta property=\"og:url\" content=\"http:\/\/www.casemobilealba.ro\/acasa\/willerby-herald-106mx30m\/\" \/>\n<meta property=\"og:site_name\" content=\"CASE MOBILE\" \/>\n<meta property=\"article:modified_time\" content=\"2019-04-22T04:07:30+00:00\" \/>\n<meta property=\"og:image\" content=\"https:\/\/www.casemobilealba.ro\/wp-content\/uploads\/PHOTO-2019-03-04-22-25-24-2-300x225.jpg\" \/>\n<meta name=\"twitter:card\" content=\"summary_large_image\" \/>\n<meta name=\"twitter:label1\" content=\"Timp estimat pentru citire\" \/>\n\t<meta name=\"twitter:data1\" content=\"1 minut\" \/>\n<script type=\"application\/ld+json\" class=\"yoast-schema-graph\">{\"@context\":\"https:\\\/\\\/schema.org\",\"@graph\":[{\"@type\":\"WebPage\",\"@id\":\"http:\\\/\\\/www.casemobilealba.ro\\\/acasa\\\/willerby-herald-106mx30m\\\/\",\"url\":\"http:\\\/\\\/www.casemobilealba.ro\\\/acasa\\\/willerby-herald-106mx30m\\\/\",\"name\":\"WILLERBY HERALD 10,6mX3,0m - CASE MOBILE\",\"isPartOf\":{\"@id\":\"http:\\\/\\\/www.casemobilealba.ro\\\/acasa\\\/#website\"},\"primaryImageOfPage\":{\"@id\":\"http:\\\/\\\/www.casemobilealba.ro\\\/acasa\\\/willerby-herald-106mx30m\\\/#primaryimage\"},\"image\":{\"@id\":\"http:\\\/\\\/www.casemobilealba.ro\\\/acasa\\\/willerby-herald-106mx30m\\\/#primaryimage\"},\"thumbnailUrl\":\"https:\\\/\\\/www.casemobilealba.ro\\\/wp-content\\\/uploads\\\/PHOTO-2019-03-04-22-25-24-2-300x225.jpg\",\"datePublished\":\"2019-03-13T09:26:11+00:00\",\"dateModified\":\"2019-04-22T04:07:30+00:00\",\"breadcrumb\":{\"@id\":\"http:\\\/\\\/www.casemobilealba.ro\\\/acasa\\\/willerby-herald-106mx30m\\\/#breadcrumb\"},\"inLanguage\":\"ro-RO\",\"potentialAction\":[{\"@type\":\"ReadAction\",\"target\":[\"http:\\\/\\\/www.casemobilealba.ro\\\/acasa\\\/willerby-herald-106mx30m\\\/\"]}]},{\"@type\":\"ImageObject\",\"inLanguage\":\"ro-RO\",\"@id\":\"http:\\\/\\\/www.casemobilealba.ro\\\/acasa\\\/willerby-herald-106mx30m\\\/#primaryimage\",\"url\":\"https:\\\/\\\/www.casemobilealba.ro\\\/wp-content\\\/uploads\\\/PHOTO-2019-03-04-22-25-24-2-300x225.jpg\",\"contentUrl\":\"https:\\\/\\\/www.casemobilealba.ro\\\/wp-content\\\/uploads\\\/PHOTO-2019-03-04-22-25-24-2-300x225.jpg\"},{\"@type\":\"BreadcrumbList\",\"@id\":\"http:\\\/\\\/www.casemobilealba.ro\\\/acasa\\\/willerby-herald-106mx30m\\\/#breadcrumb\",\"itemListElement\":[{\"@type\":\"ListItem\",\"position\":1,\"name\":\"Prima pagin\u0103\",\"item\":\"http:\\\/\\\/www.casemobilealba.ro\\\/acasa\\\/\"},{\"@type\":\"ListItem\",\"position\":2,\"name\":\"WILLERBY HERALD 10,6mX3,0m\"}]},{\"@type\":\"WebSite\",\"@id\":\"http:\\\/\\\/www.casemobilealba.ro\\\/acasa\\\/#website\",\"url\":\"http:\\\/\\\/www.casemobilealba.ro\\\/acasa\\\/\",\"name\":\"CASE MOBILE\",\"description\":\"CASE MOBILE SECOND HAND - ALBA IULIA, ROM\u00c2NIA\",\"potentialAction\":[{\"@type\":\"SearchAction\",\"target\":{\"@type\":\"EntryPoint\",\"urlTemplate\":\"http:\\\/\\\/www.casemobilealba.ro\\\/acasa\\\/?s={search_term_string}\"},\"query-input\":{\"@type\":\"PropertyValueSpecification\",\"valueRequired\":true,\"valueName\":\"search_term_string\"}}],\"inLanguage\":\"ro-RO\"}]}<\/script>\n<!-- \/ Yoast SEO plugin. -->","yoast_head_json":{"title":"WILLERBY HERALD 10,6mX3,0m - CASE MOBILE","robots":{"index":"index","follow":"follow","max-snippet":"max-snippet:-1","max-image-preview":"max-image-preview:large","max-video-preview":"max-video-preview:-1"},"canonical":"http:\/\/www.casemobilealba.ro\/acasa\/willerby-herald-106mx30m\/","og_locale":"ro_RO","og_type":"article","og_title":"WILLERBY HERALD 10,6mX3,0m - CASE MOBILE","og_description":"Casa mobila WILLERBY HERALD 10,60mx3,00m PRET: 10.200\u00a0EUR 8.600 EUR-transport inclus -dou\u0103 dormitoare-geamuri duble STARE: V\u00c2NDUT\u0102 DETALII TEHNICE Living cu coltar, cu loc pentru luat masa. Bucatarie &#8211; chiuveta, hota aerisire, frigider cu congelator, aragaz cu cuptor. Dormitor cu pat matrimonial. &hellip; Continued","og_url":"http:\/\/www.casemobilealba.ro\/acasa\/willerby-herald-106mx30m\/","og_site_name":"CASE MOBILE","article_modified_time":"2019-04-22T04:07:30+00:00","og_image":[{"url":"https:\/\/www.casemobilealba.ro\/wp-content\/uploads\/PHOTO-2019-03-04-22-25-24-2-300x225.jpg","type":"","width":"","height":""}],"twitter_card":"summary_large_image","twitter_misc":{"Timp estimat pentru citire":"1 minut"},"schema":{"@context":"https:\/\/schema.org","@graph":[{"@type":"WebPage","@id":"http:\/\/www.casemobilealba.ro\/acasa\/willerby-herald-106mx30m\/","url":"http:\/\/www.casemobilealba.ro\/acasa\/willerby-herald-106mx30m\/","name":"WILLERBY HERALD 10,6mX3,0m - CASE MOBILE","isPartOf":{"@id":"http:\/\/www.casemobilealba.ro\/acasa\/#website"},"primaryImageOfPage":{"@id":"http:\/\/www.casemobilealba.ro\/acasa\/willerby-herald-106mx30m\/#primaryimage"},"image":{"@id":"http:\/\/www.casemobilealba.ro\/acasa\/willerby-herald-106mx30m\/#primaryimage"},"thumbnailUrl":"https:\/\/www.casemobilealba.ro\/wp-content\/uploads\/PHOTO-2019-03-04-22-25-24-2-300x225.jpg","datePublished":"2019-03-13T09:26:11+00:00","dateModified":"2019-04-22T04:07:30+00:00","breadcrumb":{"@id":"http:\/\/www.casemobilealba.ro\/acasa\/willerby-herald-106mx30m\/#breadcrumb"},"inLanguage":"ro-RO","potentialAction":[{"@type":"ReadAction","target":["http:\/\/www.casemobilealba.ro\/acasa\/willerby-herald-106mx30m\/"]}]},{"@type":"ImageObject","inLanguage":"ro-RO","@id":"http:\/\/www.casemobilealba.ro\/acasa\/willerby-herald-106mx30m\/#primaryimage","url":"https:\/\/www.casemobilealba.ro\/wp-content\/uploads\/PHOTO-2019-03-04-22-25-24-2-300x225.jpg","contentUrl":"https:\/\/www.casemobilealba.ro\/wp-content\/uploads\/PHOTO-2019-03-04-22-25-24-2-300x225.jpg"},{"@type":"BreadcrumbList","@id":"http:\/\/www.casemobilealba.ro\/acasa\/willerby-herald-106mx30m\/#breadcrumb","itemListElement":[{"@type":"ListItem","position":1,"name":"Prima pagin\u0103","item":"http:\/\/www.casemobilealba.ro\/acasa\/"},{"@type":"ListItem","position":2,"name":"WILLERBY HERALD 10,6mX3,0m"}]},{"@type":"WebSite","@id":"http:\/\/www.casemobilealba.ro\/acasa\/#website","url":"http:\/\/www.casemobilealba.ro\/acasa\/","name":"CASE MOBILE","description":"CASE MOBILE SECOND HAND - ALBA IULIA, ROM\u00c2NIA","potentialAction":[{"@type":"SearchAction","target":{"@type":"EntryPoint","urlTemplate":"http:\/\/www.casemobilealba.ro\/acasa\/?s={search_term_string}"},"query-input":{"@type":"PropertyValueSpecification","valueRequired":true,"valueName":"search_term_string"}}],"inLanguage":"ro-RO"}]}},"_links":{"self":[{"href":"http:\/\/www.casemobilealba.ro\/acasa\/wp-json\/wp\/v2\/pages\/4734","targetHints":{"allow":["GET"]}}],"collection":[{"href":"http:\/\/www.casemobilealba.ro\/acasa\/wp-json\/wp\/v2\/pages"}],"about":[{"href":"http:\/\/www.casemobilealba.ro\/acasa\/wp-json\/wp\/v2\/types\/page"}],"author":[{"embeddable":true,"href":"http:\/\/www.casemobilealba.ro\/acasa\/wp-json\/wp\/v2\/users\/1"}],"replies":[{"embeddable":true,"href":"http:\/\/www.casemobilealba.ro\/acasa\/wp-json\/wp\/v2\/comments?post=4734"}],"version-history":[{"count":5,"href":"http:\/\/www.casemobilealba.ro\/acasa\/wp-json\/wp\/v2\/pages\/4734\/revisions"}],"predecessor-version":[{"id":4941,"href":"http:\/\/www.casemobilealba.ro\/acasa\/wp-json\/wp\/v2\/pages\/4734\/revisions\/4941"}],"wp:attachment":[{"href":"http:\/\/www.casemobilealba.ro\/acasa\/wp-json\/wp\/v2\/media?parent=4734"}],"curies":[{"name":"wp","href":"https:\/\/api.w.org\/{rel}","templated":true}]}}